{"id":18,"date":"2019-01-11T16:56:29","date_gmt":"2019-01-11T13:56:29","guid":{"rendered":"http:\/\/www.karelkalip.com.tr\/?page_id=18"},"modified":"2024-12-30T13:32:58","modified_gmt":"2024-12-30T10:32:58","slug":"ar-ge-ve-inovasyon","status":"publish","type":"page","link":"https:\/\/www.karelkalip.com.tr\/en\/ar-ge-ve-inovasyon","title":{"rendered":"R&amp;D and ENGINEERING"},"content":{"rendered":"<div data-elementor-type=\"wp-post\" data-elementor-id=\"18\" class=\"elementor elementor-18\">\n\t\t\t\t\t\t<section class=\"elementor-section elementor-top-section elementor-element elementor-element-e31df98 elementor-section-boxed elementor-section-height-default elementor-section-height-default\" data-id=\"e31df98\" data-element_type=\"section\">\n\t\t\t\t\t\t<div class=\"elementor-container elementor-column-gap-default\">\n\t\t\t\t\t<div class=\"elementor-column elementor-col-100 elementor-top-column elementor-element elementor-element-1612f6d\" data-id=\"1612f6d\" data-element_type=\"column\">\n\t\t\t<div class=\"elementor-widget-wrap elementor-element-populated\">\n\t\t\t\t\t\t<div class=\"elementor-element elementor-element-964717f elementor-widget elementor-widget-text-editor\" data-id=\"964717f\" data-element_type=\"widget\" data-widget_type=\"text-editor.default\">\n\t\t\t\t<div class=\"elementor-widget-container\">\n\t\t\t\t\t\t\t<h1><span style=\"color: #000000;\">Karel Kal\u0131p R&amp;D Center&nbsp;<\/span><\/h1>\n<p><span style=\"color: #000000;\">Karel Kal\u0131p Sanayi A.\u015e. Aral\u0131k 2015 y\u0131l\u0131ndan itibaren TC. Bilim, Sanayi ve Teknoloji Bakanl\u0131\u011f\u0131 onayl\u0131 bir Ar-Ge Merkezi olarak faaliyetlerini s\u00fcrd\u00fcrmektedir.&nbsp; G\u00fcn\u00fcm\u00fczde geli\u015fen\/de\u011fi\u015fen kal\u0131plama ve \u00fcretim teknolojileri ile beraber Ar-Ge ve inovasyon her ge\u00e7en g\u00fcn daha \u00e7ok \u00f6nem kazanmaktad\u0131r. Ar-Ge Merkezimizde uzman ekibimizle birlikte a\u015fa\u011f\u0131daki konularda teknoloji geli\u015ftirme \u00e7al\u0131\u015fmalar\u0131m\u0131z\u0131 s\u00fcrd\u00fcrmekteyiz.<\/span><\/p>\n<p><span style=\"color: #000000;\">Our expert R&amp;D Team is currently at work on the following technologies:<br><\/span><span style=\"color: #000000;\">&#8211; Yeni nesil kompozit ve plastik malzemeler kullanarak ara\u00e7 i\u00e7i par\u00e7a hafifletme \u00e7al\u0131\u015fmalar\u0131,<br><\/span><span style=\"color: #000000;\">&#8211; Poli\u00fcretan malzemelerin kal\u0131planabilirli\u011fi,<br><\/span><span style=\"color: #000000;\">&#8211; Kal\u0131p i\u00e7inde film formlama,<br><\/span><span style=\"color: #000000;\">&#8211; Termoforming proses geli\u015ftirme,<br><\/span><span style=\"color: #000000;\">&#8211; Overmolding proses geli\u015ftirme,<br><\/span><span style=\"color: #000000;\">&#8211; Insert Molding proses geli\u015ftirme<\/span><\/p><p><span style=\"color: #000000;\"><br><\/span><\/p>\t\t\t\t\t\t<\/div>\n\t\t\t\t<\/div>\n\t\t\t\t\t<\/div>\n\t\t<\/div>\n\t\t\t\t\t<\/div>\n\t\t<\/section>\n\t\t\t\t<section class=\"elementor-section elementor-top-section elementor-element elementor-element-3fa66fa elementor-section-boxed elementor-section-height-default elementor-section-height-default\" data-id=\"3fa66fa\" data-element_type=\"section\">\n\t\t\t\t\t\t<div class=\"elementor-container elementor-column-gap-default\">\n\t\t\t\t\t<div class=\"elementor-column elementor-col-50 elementor-top-column elementor-element elementor-element-fd3120d\" data-id=\"fd3120d\" data-element_type=\"column\">\n\t\t\t<div class=\"elementor-widget-wrap elementor-element-populated\">\n\t\t\t\t\t\t<div class=\"elementor-element elementor-element-f22c4ac elementor-widget elementor-widget-image\" data-id=\"f22c4ac\" data-element_type=\"widget\" data-widget_type=\"image.default\">\n\t\t\t\t<div class=\"elementor-widget-container\">\n\t\t\t\t\t\t\t\t\t\t\t\t\t<img fetchpriority=\"high\" decoding=\"async\" width=\"1021\" height=\"591\" src=\"https:\/\/www.karelkalip.com.tr\/wp-content\/uploads\/2019\/01\/Resim1.png\" class=\"attachment-full size-full wp-image-275\" alt=\"\" srcset=\"https:\/\/www.karelkalip.com.tr\/wp-content\/uploads\/2019\/01\/Resim1.png 1021w, https:\/\/www.karelkalip.com.tr\/wp-content\/uploads\/2019\/01\/Resim1-500x289.png 500w, https:\/\/www.karelkalip.com.tr\/wp-content\/uploads\/2019\/01\/Resim1-768x445.png 768w, https:\/\/www.karelkalip.com.tr\/wp-content\/uploads\/2019\/01\/Resim1-624x361.png 624w\" sizes=\"(max-width: 1021px) 100vw, 1021px\" \/>\t\t\t\t\t\t\t\t\t\t\t\t\t<\/div>\n\t\t\t\t<\/div>\n\t\t\t\t<div class=\"elementor-element elementor-element-73ce4b1 elementor-widget elementor-widget-heading\" data-id=\"73ce4b1\" data-element_type=\"widget\" data-widget_type=\"heading.default\">\n\t\t\t\t<div class=\"elementor-widget-container\">\n\t\t\t<h2 class=\"elementor-heading-title elementor-size-default\">Lightweighting<\/h2>\t\t<\/div>\n\t\t\t\t<\/div>\n\t\t\t\t<div class=\"elementor-element elementor-element-8c4331f elementor-widget elementor-widget-text-editor\" data-id=\"8c4331f\" data-element_type=\"widget\" data-widget_type=\"text-editor.default\">\n\t\t\t\t<div class=\"elementor-widget-container\">\n\t\t\t\t\t\t\t<p><span style=\"color: #000000;\">Environment friendly production technologies are very important for us to leave a better world to next generations. Inline with the automotive industry target of lightweighting as part of reduction of carbon emissions, lightweight projects are top priority for our R&amp;D Team.\u00a0\u00a0<\/span><\/p>\t\t\t\t\t\t<\/div>\n\t\t\t\t<\/div>\n\t\t\t\t\t<\/div>\n\t\t<\/div>\n\t\t\t\t<div class=\"elementor-column elementor-col-50 elementor-top-column elementor-element elementor-element-2c62212\" data-id=\"2c62212\" data-element_type=\"column\">\n\t\t\t<div class=\"elementor-widget-wrap elementor-element-populated\">\n\t\t\t\t\t\t<div class=\"elementor-element elementor-element-e7d7e8d elementor-widget elementor-widget-image\" data-id=\"e7d7e8d\" data-element_type=\"widget\" data-widget_type=\"image.default\">\n\t\t\t\t<div class=\"elementor-widget-container\">\n\t\t\t\t\t\t\t\t\t\t\t\t\t<img decoding=\"async\" width=\"700\" height=\"402\" src=\"https:\/\/www.karelkalip.com.tr\/wp-content\/uploads\/2019\/01\/sonnedited-1024x588.jpg\" class=\"attachment-large size-large wp-image-300\" alt=\"\" srcset=\"https:\/\/www.karelkalip.com.tr\/wp-content\/uploads\/2019\/01\/sonnedited-1024x588.jpg 1024w, https:\/\/www.karelkalip.com.tr\/wp-content\/uploads\/2019\/01\/sonnedited-500x287.jpg 500w, https:\/\/www.karelkalip.com.tr\/wp-content\/uploads\/2019\/01\/sonnedited-768x441.jpg 768w, https:\/\/www.karelkalip.com.tr\/wp-content\/uploads\/2019\/01\/sonnedited-624x358.jpg 624w\" sizes=\"(max-width: 700px) 100vw, 700px\" \/>\t\t\t\t\t\t\t\t\t\t\t\t\t<\/div>\n\t\t\t\t<\/div>\n\t\t\t\t<div class=\"elementor-element elementor-element-f14741c elementor-widget elementor-widget-heading\" data-id=\"f14741c\" data-element_type=\"widget\" data-widget_type=\"heading.default\">\n\t\t\t\t<div class=\"elementor-widget-container\">\n\t\t\t<h2 class=\"elementor-heading-title elementor-size-default\">Overmoulding Applications<\/h2>\t\t<\/div>\n\t\t\t\t<\/div>\n\t\t\t\t<div class=\"elementor-element elementor-element-613b155 elementor-widget elementor-widget-text-editor\" data-id=\"613b155\" data-element_type=\"widget\" data-widget_type=\"text-editor.default\">\n\t\t\t\t<div class=\"elementor-widget-container\">\n\t\t\t\t\t\t\t<p><span style=\"color: #000000;\">We have combined advanced molding techniques with polymer textile technology.<\/span><\/p><p><span style=\"color: #000000;\">In 2008, we have developed a four cavity mudguard mold, which created a lightweight part with side benefits of reduced the vibration transfer to the vehicle and extra noise reduction at a joint project with our customer, IAC.\u00a0<\/span><\/p>\t\t\t\t\t\t<\/div>\n\t\t\t\t<\/div>\n\t\t\t\t\t<\/div>\n\t\t<\/div>\n\t\t\t\t\t<\/div>\n\t\t<\/section>\n\t\t\t\t<section class=\"elementor-section elementor-top-section elementor-element elementor-element-b69f728 elementor-section-boxed elementor-section-height-default elementor-section-height-default\" data-id=\"b69f728\" data-element_type=\"section\">\n\t\t\t\t\t\t<div class=\"elementor-container elementor-column-gap-default\">\n\t\t\t\t\t<div class=\"elementor-column elementor-col-33 elementor-top-column elementor-element elementor-element-89fc1d8\" data-id=\"89fc1d8\" data-element_type=\"column\">\n\t\t\t<div class=\"elementor-widget-wrap elementor-element-populated\">\n\t\t\t\t\t\t<div class=\"elementor-element elementor-element-6090b15 elementor-widget elementor-widget-image\" data-id=\"6090b15\" data-element_type=\"widget\" data-widget_type=\"image.default\">\n\t\t\t\t<div class=\"elementor-widget-container\">\n\t\t\t\t\t\t\t\t\t\t\t\t\t<img decoding=\"async\" width=\"700\" height=\"700\" src=\"https:\/\/www.karelkalip.com.tr\/wp-content\/uploads\/2019\/01\/rsmm.jpg\" class=\"attachment-large size-large wp-image-284\" alt=\"\" srcset=\"https:\/\/www.karelkalip.com.tr\/wp-content\/uploads\/2019\/01\/rsmm.jpg 885w, https:\/\/www.karelkalip.com.tr\/wp-content\/uploads\/2019\/01\/rsmm-150x150.jpg 150w, https:\/\/www.karelkalip.com.tr\/wp-content\/uploads\/2019\/01\/rsmm-300x300.jpg 300w, https:\/\/www.karelkalip.com.tr\/wp-content\/uploads\/2019\/01\/rsmm-768x768.jpg 768w, https:\/\/www.karelkalip.com.tr\/wp-content\/uploads\/2019\/01\/rsmm-624x624.jpg 624w\" sizes=\"(max-width: 700px) 100vw, 700px\" \/>\t\t\t\t\t\t\t\t\t\t\t\t\t<\/div>\n\t\t\t\t<\/div>\n\t\t\t\t<div class=\"elementor-element elementor-element-e0a7b89 elementor-widget elementor-widget-heading\" data-id=\"e0a7b89\" data-element_type=\"widget\" data-widget_type=\"heading.default\">\n\t\t\t\t<div class=\"elementor-widget-container\">\n\t\t\t<h2 class=\"elementor-heading-title elementor-size-default\">Natural Fiber-Reinforced Polymer Injection Mould Development Project<\/h2>\t\t<\/div>\n\t\t\t\t<\/div>\n\t\t\t\t<div class=\"elementor-element elementor-element-4f46c00 elementor-widget elementor-widget-text-editor\" data-id=\"4f46c00\" data-element_type=\"widget\" data-widget_type=\"text-editor.default\">\n\t\t\t\t<div class=\"elementor-widget-container\">\n\t\t\t\t\t\t\t<p><span style=\"color: #000000;\">Natural fiber-reinforced thermoplastic materials are replacing conventional  PP materials at the production of large door panels withhigher aesthetic expectations.<\/span><\/p><p><span style=\"color: #000000;\">The new materials are successfully creating lighter door panels, as well as, more environment friendly and ensure way better noise reduction.<\/span><\/p><p><span style=\"color: #000000;\">We have successfully utilized innovative injection methods in Inmold forming and Overmolding in our R&amp;D lab.<\/span><\/p>\t\t\t\t\t\t<\/div>\n\t\t\t\t<\/div>\n\t\t\t\t\t<\/div>\n\t\t<\/div>\n\t\t\t\t<div class=\"elementor-column elementor-col-33 elementor-top-column elementor-element elementor-element-a4ebd4b\" data-id=\"a4ebd4b\" data-element_type=\"column\">\n\t\t\t<div class=\"elementor-widget-wrap elementor-element-populated\">\n\t\t\t\t\t\t<div class=\"elementor-element elementor-element-ac3cbe9 elementor-widget elementor-widget-image\" data-id=\"ac3cbe9\" data-element_type=\"widget\" data-widget_type=\"image.default\">\n\t\t\t\t<div class=\"elementor-widget-container\">\n\t\t\t\t\t\t\t\t\t\t\t\t\t<img loading=\"lazy\" decoding=\"async\" width=\"426\" height=\"426\" src=\"https:\/\/www.karelkalip.com.tr\/wp-content\/uploads\/2019\/01\/Resim2.jpg\" class=\"attachment-large size-large wp-image-283\" alt=\"\" srcset=\"https:\/\/www.karelkalip.com.tr\/wp-content\/uploads\/2019\/01\/Resim2.jpg 426w, https:\/\/www.karelkalip.com.tr\/wp-content\/uploads\/2019\/01\/Resim2-150x150.jpg 150w, https:\/\/www.karelkalip.com.tr\/wp-content\/uploads\/2019\/01\/Resim2-300x300.jpg 300w\" sizes=\"(max-width: 426px) 100vw, 426px\" \/>\t\t\t\t\t\t\t\t\t\t\t\t\t<\/div>\n\t\t\t\t<\/div>\n\t\t\t\t<div class=\"elementor-element elementor-element-163bb7d elementor-widget elementor-widget-heading\" data-id=\"163bb7d\" data-element_type=\"widget\" data-widget_type=\"heading.default\">\n\t\t\t\t<div class=\"elementor-widget-container\">\n\t\t\t<h2 class=\"elementor-heading-title elementor-size-default\">Mold Development Through Twin Sheet Vacuum Process Project<\/h2>\t\t<\/div>\n\t\t\t\t<\/div>\n\t\t\t\t<div class=\"elementor-element elementor-element-a0aca92 elementor-widget elementor-widget-text-editor\" data-id=\"a0aca92\" data-element_type=\"widget\" data-widget_type=\"text-editor.default\">\n\t\t\t\t<div class=\"elementor-widget-container\">\n\t\t\t\t\t\t\t<p><span style=\"color: #000000;\">Air ducts in vehicles are most commonly manufactured with blow molding technology.\u00a0<\/span><\/p><p><span style=\"color: #000000;\">In this joint project with TOFA\u015e, we not only developed the process of lightweighting through a double plate vacuum-reinforced moulding technology but also implemented a manufacturing and molding process for complex shaped low density materials for the first time in Turkish Market. We have successfully designed, produced and tested a twin sheet machine in our R&amp;D lab. This project has been realized with support of T\u00fcbitak and Teydeb.<\/span><\/p>\t\t\t\t\t\t<\/div>\n\t\t\t\t<\/div>\n\t\t\t\t\t<\/div>\n\t\t<\/div>\n\t\t\t\t<div class=\"elementor-column elementor-col-33 elementor-top-column elementor-element elementor-element-571466f\" data-id=\"571466f\" data-element_type=\"column\">\n\t\t\t<div class=\"elementor-widget-wrap elementor-element-populated\">\n\t\t\t\t\t\t<div class=\"elementor-element elementor-element-04e6e98 elementor-widget elementor-widget-image\" data-id=\"04e6e98\" data-element_type=\"widget\" data-widget_type=\"image.default\">\n\t\t\t\t<div class=\"elementor-widget-container\">\n\t\t\t\t\t\t\t\t\t\t\t\t\t<img loading=\"lazy\" decoding=\"async\" width=\"426\" height=\"418\" src=\"https:\/\/www.karelkalip.com.tr\/wp-content\/uploads\/2019\/01\/newa3.jpg\" class=\"attachment-large size-large wp-image-285\" alt=\"\" srcset=\"https:\/\/www.karelkalip.com.tr\/wp-content\/uploads\/2019\/01\/newa3.jpg 426w, https:\/\/www.karelkalip.com.tr\/wp-content\/uploads\/2019\/01\/newa3-306x300.jpg 306w\" sizes=\"(max-width: 426px) 100vw, 426px\" \/>\t\t\t\t\t\t\t\t\t\t\t\t\t<\/div>\n\t\t\t\t<\/div>\n\t\t\t\t<div class=\"elementor-element elementor-element-ddd34a7 elementor-widget elementor-widget-heading\" data-id=\"ddd34a7\" data-element_type=\"widget\" data-widget_type=\"heading.default\">\n\t\t\t\t<div class=\"elementor-widget-container\">\n\t\t\t<h2 class=\"elementor-heading-title elementor-size-default\">Mould Development Utilizing Mucell (Microcellular Foam Injection) Technology Project<\/h2>\t\t<\/div>\n\t\t\t\t<\/div>\n\t\t\t\t<div class=\"elementor-element elementor-element-5994dbd elementor-widget elementor-widget-text-editor\" data-id=\"5994dbd\" data-element_type=\"widget\" data-widget_type=\"text-editor.default\">\n\t\t\t\t<div class=\"elementor-widget-container\">\n\t\t\t\t\t\t\t<p><span style=\"color: #000000;\">Design &amp; manufacturing process for an engine under cover part has been developed with combination of MuCell and Overmolding technologies and customer financial and technical targets achieved successfully.<\/span><\/p><p><span style=\"color: #000000;\">The motor housing part that was supported by a microcellular foam structure was thus realized and was tested to meet certain technical and financial parameters. <\/span><\/p>\t\t\t\t\t\t<\/div>\n\t\t\t\t<\/div>\n\t\t\t\t\t<\/div>\n\t\t<\/div>\n\t\t\t\t\t<\/div>\n\t\t<\/section>\n\t\t\t\t<section class=\"elementor-section elementor-top-section elementor-element elementor-element-1f3f248 elementor-section-boxed elementor-section-height-default elementor-section-height-default\" data-id=\"1f3f248\" data-element_type=\"section\">\n\t\t\t\t\t\t<div class=\"elementor-container elementor-column-gap-default\">\n\t\t\t\t\t<div class=\"elementor-column elementor-col-100 elementor-top-column elementor-element elementor-element-a4e29a3\" data-id=\"a4e29a3\" data-element_type=\"column\">\n\t\t\t<div class=\"elementor-widget-wrap elementor-element-populated\">\n\t\t\t\t\t\t<div class=\"elementor-element elementor-element-13e5e78 elementor-widget elementor-widget-text-editor\" data-id=\"13e5e78\" data-element_type=\"widget\" data-widget_type=\"text-editor.default\">\n\t\t\t\t<div class=\"elementor-widget-container\">\n\t\t\t\t\t\t\t<h1>&nbsp;<\/h1>\n<h1><span style=\"font-size: 18pt;\">OUR PROJECTS AND PARTNERS<\/span><\/h1>\t\t\t\t\t\t<\/div>\n\t\t\t\t<\/div>\n\t\t\t\t<div class=\"elementor-element elementor-element-2344416 elementor-widget elementor-widget-text-editor\" data-id=\"2344416\" data-element_type=\"widget\" data-widget_type=\"text-editor.default\">\n\t\t\t\t<div class=\"elementor-widget-container\">\n\t\t\t\t\t\t\t<p><span style=\"color: #000000;\">As Karel Kal\u0131p, we know that, cooperation with other R&amp;D centers, universities, national &amp; international companies at every chance, brings new technologies and innovation.<\/span><\/p><p><span style=\"color: #000000;\">As a result, with our contribution, we are paving the way;<\/span><\/p><ul><li><span style=\"color: #000000;\">To economic progress by transforming cooperation into technology and production.<\/span><\/li><li><span style=\"color: #000000;\">To R&amp;D and innovation.<\/span><\/li><li><span style=\"color: #000000;\">To new technologies.<\/span><\/li><\/ul>\t\t\t\t\t\t<\/div>\n\t\t\t\t<\/div>\n\t\t\t\t<div class=\"elementor-element elementor-element-3b6d6d9 elementor-widget elementor-widget-text-editor\" data-id=\"3b6d6d9\" data-element_type=\"widget\" data-widget_type=\"text-editor.default\">\n\t\t\t\t<div class=\"elementor-widget-container\">\n\t\t\t\t\t\t\t<h1><span style=\"font-size: 18pt;\">Our R&amp;D Partners:<\/span><\/h1>\t\t\t\t\t\t<\/div>\n\t\t\t\t<\/div>\n\t\t\t\t<div class=\"elementor-element elementor-element-d7e3e05 elementor-widget elementor-widget-heading\" data-id=\"d7e3e05\" data-element_type=\"widget\" data-widget_type=\"heading.default\">\n\t\t\t\t<div class=\"elementor-widget-container\">\n\t\t\t<h2 class=\"elementor-heading-title elementor-size-default\">University Cooperations<\/h2>\t\t<\/div>\n\t\t\t\t<\/div>\n\t\t\t\t<div class=\"elementor-element elementor-element-1577426 elementor-widget elementor-widget-image\" data-id=\"1577426\" data-element_type=\"widget\" data-widget_type=\"image.default\">\n\t\t\t\t<div class=\"elementor-widget-container\">\n\t\t\t\t\t\t\t\t\t\t\t\t\t<img loading=\"lazy\" decoding=\"async\" width=\"700\" height=\"210\" src=\"https:\/\/www.karelkalip.com.tr\/wp-content\/uploads\/2019\/01\/uni-1024x307.png\" class=\"attachment-large size-large wp-image-301\" alt=\"\" srcset=\"https:\/\/www.karelkalip.com.tr\/wp-content\/uploads\/2019\/01\/uni-1024x307.png 1024w, https:\/\/www.karelkalip.com.tr\/wp-content\/uploads\/2019\/01\/uni-500x150.png 500w, https:\/\/www.karelkalip.com.tr\/wp-content\/uploads\/2019\/01\/uni-768x231.png 768w, https:\/\/www.karelkalip.com.tr\/wp-content\/uploads\/2019\/01\/uni-624x187.png 624w, https:\/\/www.karelkalip.com.tr\/wp-content\/uploads\/2019\/01\/uni.png 1422w\" sizes=\"(max-width: 700px) 100vw, 700px\" \/>\t\t\t\t\t\t\t\t\t\t\t\t\t<\/div>\n\t\t\t\t<\/div>\n\t\t\t\t<div class=\"elementor-element elementor-element-7afcfe0 elementor-widget elementor-widget-heading\" data-id=\"7afcfe0\" data-element_type=\"widget\" data-widget_type=\"heading.default\">\n\t\t\t\t<div class=\"elementor-widget-container\">\n\t\t\t<h2 class=\"elementor-heading-title elementor-size-default\">R&amp;D Centers<\/h2>\t\t<\/div>\n\t\t\t\t<\/div>\n\t\t\t\t<div class=\"elementor-element elementor-element-76e12bb elementor-widget elementor-widget-image\" data-id=\"76e12bb\" data-element_type=\"widget\" data-widget_type=\"image.default\">\n\t\t\t\t<div class=\"elementor-widget-container\">\n\t\t\t\t\t\t\t\t\t\t\t\t\t<img loading=\"lazy\" decoding=\"async\" width=\"700\" height=\"222\" src=\"https:\/\/www.karelkalip.com.tr\/wp-content\/uploads\/2019\/01\/Resim4-1024x325.png\" class=\"attachment-large size-large wp-image-320\" alt=\"\" srcset=\"https:\/\/www.karelkalip.com.tr\/wp-content\/uploads\/2019\/01\/Resim4-1024x325.png 1024w, https:\/\/www.karelkalip.com.tr\/wp-content\/uploads\/2019\/01\/Resim4-500x159.png 500w, https:\/\/www.karelkalip.com.tr\/wp-content\/uploads\/2019\/01\/Resim4-768x244.png 768w, https:\/\/www.karelkalip.com.tr\/wp-content\/uploads\/2019\/01\/Resim4-624x198.png 624w, https:\/\/www.karelkalip.com.tr\/wp-content\/uploads\/2019\/01\/Resim4.png 1564w\" sizes=\"(max-width: 700px) 100vw, 700px\" \/>\t\t\t\t\t\t\t\t\t\t\t\t\t<\/div>\n\t\t\t\t<\/div>\n\t\t\t\t\t<\/div>\n\t\t<\/div>\n\t\t\t\t\t<\/div>\n\t\t<\/section>\n\t\t\t\t<\/div>","protected":false},"excerpt":{"rendered":"<p>KAREL KALIP AR-GE MERKEZ\u0130&nbsp; Karel Kal\u0131p Sanayi A.\u015e. Aral\u0131k 2015 y\u0131l\u0131ndan itibaren TC. Bilim, Sanayi ve Teknoloji Bakanl\u0131\u011f\u0131 onayl\u0131 bir Ar-Ge Merkezi olarak faaliyetlerini s\u00fcrd\u00fcrmektedir.&nbsp; G\u00fcn\u00fcm\u00fczde geli\u015fen\/de\u011fi\u015fen kal\u0131plama ve \u00fcretim teknolojileri ile beraber Ar-Ge ve inovasyon her ge\u00e7en g\u00fcn daha \u00e7ok \u00f6nem kazanmaktad\u0131r. Ar-Ge Merkezimizde uzman ekibimizle birlikte a\u015fa\u011f\u0131daki konularda teknoloji geli\u015ftirme \u00e7al\u0131\u015fmalar\u0131m\u0131z\u0131 s\u00fcrd\u00fcrmekteyiz. \u00c7al\u0131\u015fma [&hellip;]<\/p>","protected":false},"author":2,"featured_media":0,"parent":0,"menu_order":0,"comment_status":"closed","ping_status":"closed","template":"","meta":{"_mi_skip_tracking":false,"footnotes":""},"_links":{"self":[{"href":"https:\/\/www.karelkalip.com.tr\/en\/wp-json\/wp\/v2\/pages\/18"}],"collection":[{"href":"https:\/\/www.karelkalip.com.tr\/en\/wp-json\/wp\/v2\/pages"}],"about":[{"href":"https:\/\/www.karelkalip.com.tr\/en\/wp-json\/wp\/v2\/types\/page"}],"author":[{"embeddable":true,"href":"https:\/\/www.karelkalip.com.tr\/en\/wp-json\/wp\/v2\/users\/2"}],"replies":[{"embeddable":true,"href":"https:\/\/www.karelkalip.com.tr\/en\/wp-json\/wp\/v2\/comments?post=18"}],"version-history":[{"count":40,"href":"https:\/\/www.karelkalip.com.tr\/en\/wp-json\/wp\/v2\/pages\/18\/revisions"}],"predecessor-version":[{"id":1804,"href":"https:\/\/www.karelkalip.com.tr\/en\/wp-json\/wp\/v2\/pages\/18\/revisions\/1804"}],"wp:attachment":[{"href":"https:\/\/www.karelkalip.com.tr\/en\/wp-json\/wp\/v2\/media?parent=18"}],"curies":[{"name":"wp","href":"https:\/\/api.w.org\/{rel}","templated":true}]}}