{"id":2,"date":"2019-01-11T16:42:22","date_gmt":"2019-01-11T13:42:22","guid":{"rendered":"http:\/\/www.karelkalip.com.tr\/?page_id=2"},"modified":"2025-01-13T15:37:51","modified_gmt":"2025-01-13T12:37:51","slug":"ornek-sayfa","status":"publish","type":"page","link":"https:\/\/www.karelkalip.com.tr\/en\/","title":{"rendered":"AnaSayfa"},"content":{"rendered":"<div data-elementor-type=\"wp-post\" data-elementor-id=\"2\" class=\"elementor elementor-2\">\n\t\t\t\t\t\t<section class=\"elementor-section elementor-top-section elementor-element elementor-element-8af1036 elementor-section-stretched elementor-section-boxed elementor-section-height-default elementor-section-height-default\" data-id=\"8af1036\" data-element_type=\"section\" data-settings=\"{&quot;stretch_section&quot;:&quot;section-stretched&quot;,&quot;background_background&quot;:&quot;classic&quot;}\">\n\t\t\t\t\t\t<div class=\"elementor-container elementor-column-gap-default\">\n\t\t\t\t\t<div class=\"elementor-column elementor-col-33 elementor-top-column elementor-element elementor-element-6d5f7b9\" data-id=\"6d5f7b9\" data-element_type=\"column\">\n\t\t\t<div class=\"elementor-widget-wrap elementor-element-populated\">\n\t\t\t\t\t\t<div class=\"elementor-element elementor-element-cb89b47 elementor-widget__width-initial elementor-invisible elementor-widget elementor-widget-counter\" data-id=\"cb89b47\" data-element_type=\"widget\" data-settings=\"{&quot;_animation&quot;:&quot;fadeInDown&quot;}\" data-widget_type=\"counter.default\">\n\t\t\t\t<div class=\"elementor-widget-container\">\n\t\t\t\t\t<div class=\"elementor-counter\">\n\t\t\t<div class=\"elementor-counter-title\">YEARS EXPERIENCE<\/div>\t\t\t<div class=\"elementor-counter-number-wrapper\">\n\t\t\t\t<span class=\"elementor-counter-number-prefix\"><\/span>\n\t\t\t\t<span class=\"elementor-counter-number\" data-duration=\"3000\" data-to-value=\"31\" data-from-value=\"0\" data-delimiter=\",\">0<\/span>\n\t\t\t\t<span class=\"elementor-counter-number-suffix\"><\/span>\n\t\t\t<\/div>\n\t\t<\/div>\n\t\t\t\t<\/div>\n\t\t\t\t<\/div>\n\t\t\t\t\t<\/div>\n\t\t<\/div>\n\t\t\t\t<div class=\"elementor-column elementor-col-66 elementor-top-column elementor-element elementor-element-05aa0c4\" data-id=\"05aa0c4\" data-element_type=\"column\">\n\t\t\t<div class=\"elementor-widget-wrap elementor-element-populated\">\n\t\t\t\t\t\t<div class=\"elementor-element elementor-element-0a17b80 elementor-widget elementor-widget-heading\" data-id=\"0a17b80\" data-element_type=\"widget\" data-widget_type=\"heading.default\">\n\t\t\t\t<div class=\"elementor-widget-container\">\n\t\t\t<h2 class=\"elementor-heading-title elementor-size-default\">10 YA\u015eINDAK\u0130 AR-GE MERKEZ\u0130M\u0130Z \u0130LE GELECE\u011e\u0130N ARA\u00c7LARININ \u00dcRET\u0130LMES\u0130 \u0130\u00c7\u0130N \u00c7ALI\u015eIYORUZ<\/h2>\t\t<\/div>\n\t\t\t\t<\/div>\n\t\t\t\t<div class=\"elementor-element elementor-element-c5b0421 elementor-button-info elementor-align-center elementor-widget elementor-widget-button\" data-id=\"c5b0421\" data-element_type=\"widget\" data-widget_type=\"button.default\">\n\t\t\t\t<div class=\"elementor-widget-container\">\n\t\t\t\t\t<div class=\"elementor-button-wrapper\">\n\t\t\t<a class=\"elementor-button elementor-button-link elementor-size-sm\" href=\"http:\/\/www.karelkalip.com.tr\/index.php\/ar-ge-ve-inovasyon\/\">\n\t\t\t\t\t\t<span class=\"elementor-button-content-wrapper\">\n\t\t\t\t\t\t<span class=\"elementor-button-icon\">\n\t\t\t\t\t\t\t\t\t<i class=\"fa fa-angle-double-right\" aria-hidden=\"true\"><\/i>\n\t\t\t\t\t\t\t<\/span>\n\t\t\t\t\t\t\t\t\t<span class=\"elementor-button-text\">R&amp;D and Innovation<\/span>\n\t\t\t\t\t<\/span>\n\t\t\t\t\t<\/a>\n\t\t<\/div>\n\t\t\t\t<\/div>\n\t\t\t\t<\/div>\n\t\t\t\t\t<\/div>\n\t\t<\/div>\n\t\t\t\t\t<\/div>\n\t\t<\/section>\n\t\t\t\t<section class=\"elementor-section elementor-top-section elementor-element elementor-element-f8e2002 elementor-section-boxed elementor-section-height-default elementor-section-height-default\" data-id=\"f8e2002\" data-element_type=\"section\">\n\t\t\t\t\t\t<div class=\"elementor-container elementor-column-gap-default\">\n\t\t\t\t\t<div class=\"elementor-column elementor-col-100 elementor-top-column elementor-element elementor-element-9ce3ebd\" data-id=\"9ce3ebd\" data-element_type=\"column\">\n\t\t\t<div class=\"elementor-widget-wrap elementor-element-populated\">\n\t\t\t\t\t\t<div class=\"elementor-element elementor-element-76967ab elementor-widget elementor-widget-spacer\" data-id=\"76967ab\" data-element_type=\"widget\" data-widget_type=\"spacer.default\">\n\t\t\t\t<div class=\"elementor-widget-container\">\n\t\t\t\t\t<div class=\"elementor-spacer\">\n\t\t\t<div class=\"elementor-spacer-inner\"><\/div>\n\t\t<\/div>\n\t\t\t\t<\/div>\n\t\t\t\t<\/div>\n\t\t\t\t\t<\/div>\n\t\t<\/div>\n\t\t\t\t\t<\/div>\n\t\t<\/section>\n\t\t\t\t<section class=\"elementor-section elementor-top-section elementor-element elementor-element-902f501 elementor-section-boxed elementor-section-height-default elementor-section-height-default\" data-id=\"902f501\" data-element_type=\"section\">\n\t\t\t\t\t\t<div class=\"elementor-container elementor-column-gap-default\">\n\t\t\t\t\t<div class=\"elementor-column elementor-col-100 elementor-top-column elementor-element elementor-element-c90028f\" data-id=\"c90028f\" data-element_type=\"column\">\n\t\t\t<div class=\"elementor-widget-wrap elementor-element-populated\">\n\t\t\t\t\t\t<div class=\"elementor-element elementor-element-6576d9b elementor-widget elementor-widget-heading\" data-id=\"6576d9b\" data-element_type=\"widget\" data-widget_type=\"heading.default\">\n\t\t\t\t<div class=\"elementor-widget-container\">\n\t\t\t<h2 class=\"elementor-heading-title elementor-size-default\"><center><span style=\"font-size: 24pt; color:black;\">NEWS FROM THE US<\/span><\/center><\/h2>\t\t<\/div>\n\t\t\t\t<\/div>\n\t\t\t\t\t<\/div>\n\t\t<\/div>\n\t\t\t\t\t<\/div>\n\t\t<\/section>\n\t\t\t\t<section class=\"elementor-section elementor-top-section elementor-element elementor-element-fe81cc6 elementor-section-stretched elementor-section-boxed elementor-section-height-default elementor-section-height-default\" data-id=\"fe81cc6\" data-element_type=\"section\" data-settings=\"{&quot;stretch_section&quot;:&quot;section-stretched&quot;,&quot;background_background&quot;:&quot;classic&quot;}\">\n\t\t\t\t\t\t\t<div class=\"elementor-background-overlay\"><\/div>\n\t\t\t\t\t\t\t<div class=\"elementor-container elementor-column-gap-default\">\n\t\t\t\t\t<div class=\"elementor-column elementor-col-20 elementor-top-column elementor-element elementor-element-46784ae\" data-id=\"46784ae\" data-element_type=\"column\">\n\t\t\t<div class=\"elementor-widget-wrap elementor-element-populated\">\n\t\t\t\t\t\t<div class=\"elementor-element elementor-element-34d768d elementor-position-top elementor-widget elementor-widget-image-box\" data-id=\"34d768d\" data-element_type=\"widget\" data-widget_type=\"image-box.default\">\n\t\t\t\t<div class=\"elementor-widget-container\">\n\t\t\t<div class=\"elementor-image-box-wrapper\"><figure class=\"elementor-image-box-img\"><a href=\"http:\/\/www.karelkalip.com.tr\/en\/news\/#PlasIns_Roportaj\u0131\" tabindex=\"-1\"><img decoding=\"async\" src=\"https:\/\/www.karelkalip.com.tr\/wp-content\/uploads\/2024\/12\/Gazete-1.jpg\" title=\"Gazete\" alt=\"Gazete\" loading=\"lazy\" \/><\/a><\/figure><div class=\"elementor-image-box-content\"><h3 class=\"elementor-image-box-title\"><a href=\"http:\/\/www.karelkalip.com.tr\/en\/news\/#PlasIns_Roportaj\u0131\">Plastics Instights Dergisi R\u00f6portaj\u0131<\/a><\/h3><p class=\"elementor-image-box-description\">Genel M\u00fcd\u00fcr'\u00fcm\u00fcz Sn. Refik  D\u0130R\u0130, Plastics Instights Dergisi i\u00e7in Plastik Enjeksiyon kal\u0131p\u00e7\u0131l\u0131\u011f\u0131 ve gelece\u011fi hakk\u0131nda r\u00f6portaj verdi.<\/p><\/div><\/div>\t\t<\/div>\n\t\t\t\t<\/div>\n\t\t\t\t\t<\/div>\n\t\t<\/div>\n\t\t\t\t<div class=\"elementor-column elementor-col-20 elementor-top-column elementor-element elementor-element-4aba1a5\" data-id=\"4aba1a5\" data-element_type=\"column\">\n\t\t\t<div class=\"elementor-widget-wrap elementor-element-populated\">\n\t\t\t\t\t\t<div class=\"elementor-element elementor-element-2eaa8cf elementor-position-top elementor-widget elementor-widget-image-box\" data-id=\"2eaa8cf\" data-element_type=\"widget\" data-widget_type=\"image-box.default\">\n\t\t\t\t<div class=\"elementor-widget-container\">\n\t\t\t<div class=\"elementor-image-box-wrapper\"><figure class=\"elementor-image-box-img\"><a href=\"http:\/\/www.karelkalip.com.tr\/en\/news\/#Expo23\" tabindex=\"-1\"><img fetchpriority=\"high\" decoding=\"async\" width=\"1021\" height=\"772\" src=\"https:\/\/www.karelkalip.com.tr\/wp-content\/uploads\/2025\/01\/messe_ozet.jpg\" class=\"attachment-full size-full wp-image-1929\" alt=\"\" srcset=\"https:\/\/www.karelkalip.com.tr\/wp-content\/uploads\/2025\/01\/messe_ozet.jpg 1021w, https:\/\/www.karelkalip.com.tr\/wp-content\/uploads\/2025\/01\/messe_ozet-397x300.jpg 397w, https:\/\/www.karelkalip.com.tr\/wp-content\/uploads\/2025\/01\/messe_ozet-768x581.jpg 768w, https:\/\/www.karelkalip.com.tr\/wp-content\/uploads\/2025\/01\/messe_ozet-16x12.jpg 16w, https:\/\/www.karelkalip.com.tr\/wp-content\/uploads\/2025\/01\/messe_ozet-624x472.jpg 624w\" sizes=\"(max-width: 1021px) 100vw, 1021px\" \/><\/a><\/figure><div class=\"elementor-image-box-content\"><h3 class=\"elementor-image-box-title\"><a href=\"http:\/\/www.karelkalip.com.tr\/en\/news\/#Expo23\">MOULDING EXPO 2023<\/a><\/h3><p class=\"elementor-image-box-description\">We were happy to host you, our valued guests, at the Molding Expo fair held in Stuttgart, Germany, on 13-16 May. We would like to express our sincere gratitude to all our visitors.<\/p><\/div><\/div>\t\t<\/div>\n\t\t\t\t<\/div>\n\t\t\t\t\t<\/div>\n\t\t<\/div>\n\t\t\t\t<div class=\"elementor-column elementor-col-20 elementor-top-column elementor-element elementor-element-c2dd3d6\" data-id=\"c2dd3d6\" data-element_type=\"column\">\n\t\t\t<div class=\"elementor-widget-wrap elementor-element-populated\">\n\t\t\t\t\t\t<div class=\"elementor-element elementor-element-3004173 elementor-position-top elementor-widget elementor-widget-image-box\" data-id=\"3004173\" data-element_type=\"widget\" data-widget_type=\"image-box.default\">\n\t\t\t\t<div class=\"elementor-widget-container\">\n\t\t\t<div class=\"elementor-image-box-wrapper\"><figure class=\"elementor-image-box-img\"><a href=\"http:\/\/www.karelkalip.com.tr\/en\/news\/#2019_Zirve\" tabindex=\"-1\"><img decoding=\"async\" width=\"700\" height=\"308\" src=\"https:\/\/www.karelkalip.com.tr\/wp-content\/uploads\/2019\/11\/1-1024x450.jpg\" class=\"attachment-large size-large wp-image-1078\" alt=\"\" srcset=\"https:\/\/www.karelkalip.com.tr\/wp-content\/uploads\/2019\/11\/1-1024x450.jpg 1024w, https:\/\/www.karelkalip.com.tr\/wp-content\/uploads\/2019\/11\/1-500x220.jpg 500w, https:\/\/www.karelkalip.com.tr\/wp-content\/uploads\/2019\/11\/1-768x337.jpg 768w, https:\/\/www.karelkalip.com.tr\/wp-content\/uploads\/2019\/11\/1-624x274.jpg 624w, https:\/\/www.karelkalip.com.tr\/wp-content\/uploads\/2019\/11\/1.jpg 1405w\" sizes=\"(max-width: 700px) 100vw, 700px\" \/><\/a><\/figure><div class=\"elementor-image-box-content\"><h3 class=\"elementor-image-box-title\"><a href=\"http:\/\/www.karelkalip.com.tr\/en\/news\/#2019_Zirve\">We held the 2019 Supplier Summit<\/a><\/h3><p class=\"elementor-image-box-description\">We organized the 2019 Supplier Summit, breaking another first on the path of mold making, which we embarked on with the motto \"WE WILL NOT GIVE UP\". <b>2019 Supplier Summit<\/b> we organized. <\/p><\/div><\/div>\t\t<\/div>\n\t\t\t\t<\/div>\n\t\t\t\t\t<\/div>\n\t\t<\/div>\n\t\t\t\t<div class=\"elementor-column elementor-col-20 elementor-top-column elementor-element elementor-element-40b947c\" data-id=\"40b947c\" data-element_type=\"column\">\n\t\t\t<div class=\"elementor-widget-wrap elementor-element-populated\">\n\t\t\t\t\t\t<div class=\"elementor-element elementor-element-818e92f elementor-position-top elementor-widget elementor-widget-image-box\" data-id=\"818e92f\" data-element_type=\"widget\" data-widget_type=\"image-box.default\">\n\t\t\t\t<div class=\"elementor-widget-container\">\n\t\t\t<div class=\"elementor-image-box-wrapper\"><figure class=\"elementor-image-box-img\"><a href=\"http:\/\/www.karelkalip.com.tr\/en\/news\/#Ford_Ziyareti\" tabindex=\"-1\"><img decoding=\"async\" width=\"942\" height=\"486\" src=\"https:\/\/www.karelkalip.com.tr\/wp-content\/uploads\/2019\/01\/ford_ziyaret-e1550476324715.jpg\" class=\"attachment-full size-full wp-image-743\" alt=\"\" srcset=\"https:\/\/www.karelkalip.com.tr\/wp-content\/uploads\/2019\/01\/ford_ziyaret-e1550476324715.jpg 942w, https:\/\/www.karelkalip.com.tr\/wp-content\/uploads\/2019\/01\/ford_ziyaret-e1550476324715-500x258.jpg 500w, https:\/\/www.karelkalip.com.tr\/wp-content\/uploads\/2019\/01\/ford_ziyaret-e1550476324715-768x396.jpg 768w, https:\/\/www.karelkalip.com.tr\/wp-content\/uploads\/2019\/01\/ford_ziyaret-e1550476324715-624x322.jpg 624w\" sizes=\"(max-width: 942px) 100vw, 942px\" \/><\/a><\/figure><div class=\"elementor-image-box-content\"><h3 class=\"elementor-image-box-title\"><a href=\"http:\/\/www.karelkalip.com.tr\/en\/news\/#Ford_Ziyareti\">KAREL KALIP hosted Ford America team<\/a><\/h3><p class=\"elementor-image-box-description\">We hosted Ford America Team in February, which is one of the worlds leading automotive manufacturer.<\/p><\/div><\/div>\t\t<\/div>\n\t\t\t\t<\/div>\n\t\t\t\t\t<\/div>\n\t\t<\/div>\n\t\t\t\t<div class=\"elementor-column elementor-col-20 elementor-top-column elementor-element elementor-element-cff747d\" data-id=\"cff747d\" data-element_type=\"column\">\n\t\t\t<div class=\"elementor-widget-wrap elementor-element-populated\">\n\t\t\t\t\t\t<div class=\"elementor-element elementor-element-199e65f elementor-position-top elementor-widget elementor-widget-image-box\" data-id=\"199e65f\" data-element_type=\"widget\" data-widget_type=\"image-box.default\">\n\t\t\t\t<div class=\"elementor-widget-container\">\n\t\t\t<div class=\"elementor-image-box-wrapper\"><figure class=\"elementor-image-box-img\"><a href=\"http:\/\/www.karelkalip.com.tr\/en\/news\/#Cheto_Makina\" tabindex=\"-1\"><img decoding=\"async\" src=\"https:\/\/www.karelkalip.com.tr\/wp-content\/uploads\/2019\/08\/cheto.jpg\" title=\"cheto\" alt=\"cheto\" loading=\"lazy\" \/><\/a><\/figure><div class=\"elementor-image-box-content\"><h3 class=\"elementor-image-box-title\"><a href=\"http:\/\/www.karelkalip.com.tr\/en\/news\/#Cheto_Makina\">New Machine Investment<\/a><\/h3><p class=\"elementor-image-box-description\">Within the framework of our understanding of modernization, efficiency and quality in production; We acquired the CHETO brand 6 Axis Deep Hole Drilling and Milling Machine, which we commissioned this year.<\/p><\/div><\/div>\t\t<\/div>\n\t\t\t\t<\/div>\n\t\t\t\t\t<\/div>\n\t\t<\/div>\n\t\t\t\t\t<\/div>\n\t\t<\/section>\n\t\t\t\t<section class=\"elementor-section elementor-top-section elementor-element elementor-element-f855fd4 elementor-section-boxed elementor-section-height-default elementor-section-height-default\" data-id=\"f855fd4\" data-element_type=\"section\">\n\t\t\t\t\t\t<div class=\"elementor-container elementor-column-gap-default\">\n\t\t\t\t\t<div class=\"elementor-column elementor-col-100 elementor-top-column elementor-element elementor-element-6d1d4dd\" data-id=\"6d1d4dd\" data-element_type=\"column\">\n\t\t\t<div class=\"elementor-widget-wrap elementor-element-populated\">\n\t\t\t\t\t\t<div class=\"elementor-element elementor-element-b4c7448 elementor-widget elementor-widget-spacer\" data-id=\"b4c7448\" data-element_type=\"widget\" data-widget_type=\"spacer.default\">\n\t\t\t\t<div class=\"elementor-widget-container\">\n\t\t\t\t\t<div class=\"elementor-spacer\">\n\t\t\t<div class=\"elementor-spacer-inner\"><\/div>\n\t\t<\/div>\n\t\t\t\t<\/div>\n\t\t\t\t<\/div>\n\t\t\t\t\t<\/div>\n\t\t<\/div>\n\t\t\t\t\t<\/div>\n\t\t<\/section>\n\t\t\t\t<section class=\"elementor-section elementor-top-section elementor-element elementor-element-2b33553 elementor-section-boxed elementor-section-height-default elementor-section-height-default\" data-id=\"2b33553\" data-element_type=\"section\">\n\t\t\t\t\t\t<div class=\"elementor-container elementor-column-gap-default\">\n\t\t\t\t\t<div class=\"elementor-column elementor-col-100 elementor-top-column elementor-element elementor-element-f16c7f1\" data-id=\"f16c7f1\" data-element_type=\"column\">\n\t\t\t<div class=\"elementor-widget-wrap elementor-element-populated\">\n\t\t\t\t\t\t<div class=\"elementor-element elementor-element-becee0d elementor-widget elementor-widget-heading\" data-id=\"becee0d\" data-element_type=\"widget\" data-widget_type=\"heading.default\">\n\t\t\t\t<div class=\"elementor-widget-container\">\n\t\t\t<h2 class=\"elementor-heading-title elementor-size-default\"><center><span style=\"font-size: 24pt; color:black\">FARKINDALIK YARATMAYI SEV\u0130YORUZ<\/span><\/center>\n<\/h2>\t\t<\/div>\n\t\t\t\t<\/div>\n\t\t\t\t\t<\/div>\n\t\t<\/div>\n\t\t\t\t\t<\/div>\n\t\t<\/section>\n\t\t\t\t<section class=\"elementor-section elementor-top-section elementor-element elementor-element-e520eb6 elementor-section-stretched elementor-section-boxed elementor-section-height-default elementor-section-height-default\" data-id=\"e520eb6\" data-element_type=\"section\" data-settings=\"{&quot;stretch_section&quot;:&quot;section-stretched&quot;,&quot;background_background&quot;:&quot;classic&quot;}\">\n\t\t\t\t\t\t<div class=\"elementor-container elementor-column-gap-default\">\n\t\t\t\t\t<div class=\"elementor-column elementor-col-50 elementor-top-column elementor-element elementor-element-0b4ea06\" data-id=\"0b4ea06\" data-element_type=\"column\">\n\t\t\t<div class=\"elementor-widget-wrap elementor-element-populated\">\n\t\t\t\t\t\t<div class=\"elementor-element elementor-element-6eaa550 elementor-widget__width-initial elementor-widget elementor-widget-image\" data-id=\"6eaa550\" data-element_type=\"widget\" data-widget_type=\"image.default\">\n\t\t\t\t<div class=\"elementor-widget-container\">\n\t\t\t\t\t\t\t\t\t\t\t\t\t<img loading=\"lazy\" decoding=\"async\" width=\"656\" height=\"356\" src=\"https:\/\/www.karelkalip.com.tr\/wp-content\/uploads\/2025\/01\/ss.png\" class=\"attachment-full size-full wp-image-1863\" alt=\"\" srcset=\"https:\/\/www.karelkalip.com.tr\/wp-content\/uploads\/2025\/01\/ss.png 656w, https:\/\/www.karelkalip.com.tr\/wp-content\/uploads\/2025\/01\/ss-500x271.png 500w, https:\/\/www.karelkalip.com.tr\/wp-content\/uploads\/2025\/01\/ss-18x10.png 18w, https:\/\/www.karelkalip.com.tr\/wp-content\/uploads\/2025\/01\/ss-624x339.png 624w\" sizes=\"(max-width: 656px) 100vw, 656px\" \/>\t\t\t\t\t\t\t\t\t\t\t\t\t<\/div>\n\t\t\t\t<\/div>\n\t\t\t\t\t<\/div>\n\t\t<\/div>\n\t\t\t\t<div class=\"elementor-column elementor-col-50 elementor-top-column elementor-element elementor-element-5cf1127\" data-id=\"5cf1127\" data-element_type=\"column\">\n\t\t\t<div class=\"elementor-widget-wrap elementor-element-populated\">\n\t\t\t\t\t\t<div class=\"elementor-element elementor-element-f6a7f7b elementor-widget__width-initial elementor-widget elementor-widget-text-editor\" data-id=\"f6a7f7b\" data-element_type=\"widget\" data-widget_type=\"text-editor.default\">\n\t\t\t\t<div class=\"elementor-widget-container\">\n\t\t\t\t\t\t\t<p>\u00c7al\u0131\u015fma arkada\u015flar\u0131m\u0131z\u0131n sosyal sorumluluk bilincini kal\u0131c\u0131 hale getirmek i\u00e7in her sene belirli etkinliklerde bir araya geliyoruz ve \u00e7e\u015fitli projelere destek oluyoruz.<\/p>\n<p>\u201cBir \u00e7ocuk bir umut\u201d projesiyle ba\u015flayan destek projelerimiz, B\u00fct\u00fcn \u00c7ocuklar Bizim Derne\u011fi\u2019ne deste\u011fimizle devam etti. 2023 ve 2024 y\u0131l\u0131nda hem \u0130stanbul Yar\u0131 Maratonu hem de \u0130stanbul Maratonu\u2019nda iki derne\u011fi desteklemeyi ba\u015fard\u0131k. Ad\u0131m Ad\u0131m \u00f6nc\u00fcl\u00fc\u011f\u00fcnde 19. \u0130stanbul Yar\u0131 Maratonu\u2019nda Kanserli \u00c7ocuklara Umut Vakf\u0131 (KA\u00c7UV) ad\u0131na yar\u0131\u015ft\u0131k, 45. \u0130stanbul Maratonu\u2019nda Korunmaya Muhta\u00e7 \u00c7ocuklar Vakf\u0131 (KORUNCUK) ve 46. <span style=\"color: var( --e-global-color-text ); font-family: var( --e-global-typography-text-font-family ), Sans-serif; font-weight: var( --e-global-typography-text-font-weight );\">\u0130stanbul Maratonu\u2019nda&nbsp;<\/span><span style=\"color: var( --e-global-color-text ); font-family: var( --e-global-typography-text-font-family ), Sans-serif; font-weight: var( --e-global-typography-text-font-weight );\">Kanserli \u00c7ocuklara Umut Vakf\u0131 (KA\u00c7UV) ad\u0131na <\/span><span style=\"color: var( --e-global-color-text ); font-family: var( --e-global-typography-text-font-family ), Sans-serif; font-weight: var( --e-global-typography-text-font-weight );\">yar\u0131\u015ft\u0131k. Sosyal sorumluluk bilincini s\u00fcrd\u00fcrebilir hale getirmek i\u00e7in \u00e7al\u0131\u015fma arkada\u015flar\u0131m\u0131zla elimizden gelenin en iyisini yapmaya devam edece\u011fiz.<\/span><\/p>\t\t\t\t\t\t<\/div>\n\t\t\t\t<\/div>\n\t\t\t\t\t<\/div>\n\t\t<\/div>\n\t\t\t\t\t<\/div>\n\t\t<\/section>\n\t\t\t\t<section class=\"elementor-section elementor-top-section elementor-element elementor-element-0e55717 elementor-section-boxed elementor-section-height-default elementor-section-height-default\" data-id=\"0e55717\" data-element_type=\"section\">\n\t\t\t\t\t\t<div class=\"elementor-container elementor-column-gap-default\">\n\t\t\t\t\t<div class=\"elementor-column elementor-col-100 elementor-top-column elementor-element elementor-element-7c6e767\" data-id=\"7c6e767\" data-element_type=\"column\">\n\t\t\t<div class=\"elementor-widget-wrap elementor-element-populated\">\n\t\t\t\t\t\t<div class=\"elementor-element elementor-element-12d55d7 elementor-widget elementor-widget-spacer\" data-id=\"12d55d7\" data-element_type=\"widget\" data-widget_type=\"spacer.default\">\n\t\t\t\t<div class=\"elementor-widget-container\">\n\t\t\t\t\t<div class=\"elementor-spacer\">\n\t\t\t<div class=\"elementor-spacer-inner\"><\/div>\n\t\t<\/div>\n\t\t\t\t<\/div>\n\t\t\t\t<\/div>\n\t\t\t\t\t<\/div>\n\t\t<\/div>\n\t\t\t\t\t<\/div>\n\t\t<\/section>\n\t\t\t\t<section class=\"elementor-section elementor-top-section elementor-element elementor-element-cc99670 elementor-section-boxed elementor-section-height-default elementor-section-height-default\" data-id=\"cc99670\" data-element_type=\"section\">\n\t\t\t\t\t\t<div class=\"elementor-container elementor-column-gap-default\">\n\t\t\t\t\t<div class=\"elementor-column elementor-col-100 elementor-top-column elementor-element elementor-element-56b0c06\" data-id=\"56b0c06\" data-element_type=\"column\">\n\t\t\t<div class=\"elementor-widget-wrap elementor-element-populated\">\n\t\t\t\t\t\t<div class=\"elementor-element elementor-element-a4dcfdc elementor-widget elementor-widget-heading\" data-id=\"a4dcfdc\" data-element_type=\"widget\" data-widget_type=\"heading.default\">\n\t\t\t\t<div class=\"elementor-widget-container\">\n\t\t\t<h2 class=\"elementor-heading-title elementor-size-default\">OUR VISION<\/h2>\t\t<\/div>\n\t\t\t\t<\/div>\n\t\t\t\t<div class=\"elementor-element elementor-element-834e183 elementor-widget elementor-widget-text-editor\" data-id=\"834e183\" data-element_type=\"widget\" data-widget_type=\"text-editor.default\">\n\t\t\t\t<div class=\"elementor-widget-container\">\n\t\t\t\t\t\t\t<p style=\"text-align: center;\"><span style=\"font-size: 14pt; color: #000000;\">Otomotiv sekt\u00f6r\u00fcnde plastik \u015fekillendirme kal\u0131plar\u0131yla, s\u00fcrd\u00fcr\u00fclebilir inovasyon ve m\u00fckemmeliyeti birle\u015ftirerek, Avrupa ve Rusya\u2019da ilk tercih edilen marka olma ser\u00fcvenine ilerliyoruz.<\/span><\/p>\t\t\t\t\t\t<\/div>\n\t\t\t\t<\/div>\n\t\t\t\t<div class=\"elementor-element elementor-element-96ed8be elementor-widget-divider--view-line elementor-widget elementor-widget-divider\" data-id=\"96ed8be\" data-element_type=\"widget\" data-widget_type=\"divider.default\">\n\t\t\t\t<div class=\"elementor-widget-container\">\n\t\t\t\t\t<div class=\"elementor-divider\">\n\t\t\t<span class=\"elementor-divider-separator\">\n\t\t\t\t\t\t<\/span>\n\t\t<\/div>\n\t\t\t\t<\/div>\n\t\t\t\t<\/div>\n\t\t\t\t<div class=\"elementor-element elementor-element-a710501 elementor-widget elementor-widget-heading\" data-id=\"a710501\" data-element_type=\"widget\" data-widget_type=\"heading.default\">\n\t\t\t\t<div class=\"elementor-widget-container\">\n\t\t\t<h2 class=\"elementor-heading-title elementor-size-default\">OUR MISSION<\/h2>\t\t<\/div>\n\t\t\t\t<\/div>\n\t\t\t\t<div class=\"elementor-element elementor-element-e2a6c1c elementor-widget elementor-widget-text-editor\" data-id=\"e2a6c1c\" data-element_type=\"widget\" data-widget_type=\"text-editor.default\">\n\t\t\t\t<div class=\"elementor-widget-container\">\n\t\t\t\t\t\t\t<p style=\"text-align: center;\"><span style=\"color: #000000; font-size: 14pt;\">Forever staying passionate about supplying the automotive industry with the highest quality and most innovative moulds.<\/span><\/p>\t\t\t\t\t\t<\/div>\n\t\t\t\t<\/div>\n\t\t\t\t\t<\/div>\n\t\t<\/div>\n\t\t\t\t\t<\/div>\n\t\t<\/section>\n\t\t\t\t<\/div>","protected":false},"excerpt":{"rendered":"<p>YILLIK TECR\u00dcBE 0 10 YA\u015eINDAK\u0130 AR-GE MERKEZ\u0130M\u0130Z \u0130LE GELECE\u011e\u0130N ARA\u00c7LARININ \u00dcRET\u0130LMES\u0130 \u0130\u00c7\u0130N \u00c7ALI\u015eIYORUZ Arge ve \u0130novasyon B\u0130ZDEN HABERLER Plastics Instights Dergisi R\u00f6portaj\u0131 Genel M\u00fcd\u00fcr&#8217;\u00fcm\u00fcz Sn. Refik D\u0130R\u0130, Plastics Instights Dergisi i\u00e7in Plastik Enjeksiyon kal\u0131p\u00e7\u0131l\u0131\u011f\u0131 ve gelece\u011fi hakk\u0131nda r\u00f6portaj verdi. MOULDING EXPO 2023 13-16 May\u0131s&#8217;ta Almanya Stuttgart&#8217;ta ger\u00e7ekle\u015fen Moulding Expo fuar\u0131nda siz de\u011ferli misafirlerimizi a\u011f\u0131rlamaktan mutluluk [&hellip;]<\/p>","protected":false},"author":1,"featured_media":0,"parent":0,"menu_order":0,"comment_status":"closed","ping_status":"closed","template":"","meta":{"_mi_skip_tracking":false,"footnotes":""},"_links":{"self":[{"href":"https:\/\/www.karelkalip.com.tr\/en\/wp-json\/wp\/v2\/pages\/2"}],"collection":[{"href":"https:\/\/www.karelkalip.com.tr\/en\/wp-json\/wp\/v2\/pages"}],"about":[{"href":"https:\/\/www.karelkalip.com.tr\/en\/wp-json\/wp\/v2\/types\/page"}],"author":[{"embeddable":true,"href":"https:\/\/www.karelkalip.com.tr\/en\/wp-json\/wp\/v2\/users\/1"}],"replies":[{"embeddable":true,"href":"https:\/\/www.karelkalip.com.tr\/en\/wp-json\/wp\/v2\/comments?post=2"}],"version-history":[{"count":154,"href":"https:\/\/www.karelkalip.com.tr\/en\/wp-json\/wp\/v2\/pages\/2\/revisions"}],"predecessor-version":[{"id":1933,"href":"https:\/\/www.karelkalip.com.tr\/en\/wp-json\/wp\/v2\/pages\/2\/revisions\/1933"}],"wp:attachment":[{"href":"https:\/\/www.karelkalip.com.tr\/en\/wp-json\/wp\/v2\/media?parent=2"}],"curies":[{"name":"wp","href":"https:\/\/api.w.org\/{rel}","templated":true}]}}