{"id":369,"date":"2019-01-28T10:03:04","date_gmt":"2019-01-28T07:03:04","guid":{"rendered":"http:\/\/www.karelkalip.com.tr\/?page_id=369"},"modified":"2024-12-30T13:20:07","modified_gmt":"2024-12-30T10:20:07","slug":"kalip-modifikasyon","status":"publish","type":"page","link":"https:\/\/www.karelkalip.com.tr\/en\/kalip-modifikasyon","title":{"rendered":"Modification On Molds"},"content":{"rendered":"<div data-elementor-type=\"wp-post\" data-elementor-id=\"369\" class=\"elementor elementor-369\">\n\t\t\t\t\t\t<section class=\"elementor-section elementor-top-section elementor-element elementor-element-757779f elementor-section-stretched elementor-section-boxed elementor-section-height-default elementor-section-height-default\" data-id=\"757779f\" data-element_type=\"section\" data-settings=\"{&quot;stretch_section&quot;:&quot;section-stretched&quot;}\">\n\t\t\t\t\t\t<div class=\"elementor-container elementor-column-gap-default\">\n\t\t\t\t\t<div class=\"elementor-column elementor-col-100 elementor-top-column elementor-element elementor-element-0183223\" data-id=\"0183223\" data-element_type=\"column\">\n\t\t\t<div class=\"elementor-widget-wrap elementor-element-populated\">\n\t\t\t\t\t\t<div class=\"elementor-element elementor-element-6cb5ec3 elementor-widget elementor-widget-heading\" data-id=\"6cb5ec3\" data-element_type=\"widget\" data-widget_type=\"heading.default\">\n\t\t\t\t<div class=\"elementor-widget-container\">\n\t\t\t<h2 class=\"elementor-heading-title elementor-size-default\"><span style=\"white-space-collapse: collapse;font-size: 18pt; color:black\">\nModification On Molds<br>\n<\/span><\/h2>\t\t<\/div>\n\t\t\t\t<\/div>\n\t\t\t\t<div class=\"elementor-element elementor-element-22f21f6 elementor-widget elementor-widget-text-editor\" data-id=\"22f21f6\" data-element_type=\"widget\" data-widget_type=\"text-editor.default\">\n\t\t\t\t<div class=\"elementor-widget-container\">\n\t\t\t\t\t\t\t<p><span style=\"color: #000000;\">Since its inception in 1994, Karel Kal\u0131p has been specializing on mould design and manufacturing. Karel Kal\u0131p has amassed an unparalleled body of knowledge on design and manufacturing through the thousands of mould modifications it has completed. \u00a0<\/span><\/p><p><span style=\"color: #000000;\">\u00a0With our highly experienced team &amp; high precision machines, we have the capability of managing modifications up to 40 tons. We are creating excellent technical solutions, with our customer focused approached and our expert Project Management Team.<\/span><\/p>\t\t\t\t\t\t<\/div>\n\t\t\t\t<\/div>\n\t\t\t\t\t<\/div>\n\t\t<\/div>\n\t\t\t\t\t<\/div>\n\t\t<\/section>\n\t\t\t\t<section class=\"elementor-section elementor-top-section elementor-element elementor-element-2ef9487 elementor-section-stretched elementor-section-boxed elementor-section-height-default elementor-section-height-default\" data-id=\"2ef9487\" data-element_type=\"section\" data-settings=\"{&quot;stretch_section&quot;:&quot;section-stretched&quot;}\">\n\t\t\t\t\t\t<div class=\"elementor-container elementor-column-gap-default\">\n\t\t\t\t\t<div class=\"elementor-column elementor-col-20 elementor-top-column elementor-element elementor-element-8926f5f\" data-id=\"8926f5f\" data-element_type=\"column\">\n\t\t\t<div class=\"elementor-widget-wrap elementor-element-populated\">\n\t\t\t\t\t\t<div class=\"elementor-element elementor-element-b0099b3 elementor-widget elementor-widget-image\" data-id=\"b0099b3\" data-element_type=\"widget\" data-widget_type=\"image.default\">\n\t\t\t\t<div class=\"elementor-widget-container\">\n\t\t\t\t\t\t\t\t\t\t\t\t\t<img fetchpriority=\"high\" decoding=\"async\" width=\"649\" height=\"429\" src=\"https:\/\/www.karelkalip.com.tr\/wp-content\/uploads\/2019\/02\/bumper.png\" class=\"attachment-large size-large wp-image-582\" alt=\"\" srcset=\"https:\/\/www.karelkalip.com.tr\/wp-content\/uploads\/2019\/02\/bumper.png 649w, https:\/\/www.karelkalip.com.tr\/wp-content\/uploads\/2019\/02\/bumper-454x300.png 454w, https:\/\/www.karelkalip.com.tr\/wp-content\/uploads\/2019\/02\/bumper-624x412.png 624w\" sizes=\"(max-width: 649px) 100vw, 649px\" \/>\t\t\t\t\t\t\t\t\t\t\t\t\t<\/div>\n\t\t\t\t<\/div>\n\t\t\t\t<div class=\"elementor-element elementor-element-3fcf954 elementor-widget elementor-widget-text-editor\" data-id=\"3fcf954\" data-element_type=\"widget\" data-widget_type=\"text-editor.default\">\n\t\t\t\t<div class=\"elementor-widget-container\">\n\t\t\t\t\t\t\t<p style=\"text-align: center;\"><span style=\"color: #000000; font-size: 18pt;\"><strong>DESIGN<\/strong><\/span><\/p>\t\t\t\t\t\t<\/div>\n\t\t\t\t<\/div>\n\t\t\t\t\t<\/div>\n\t\t<\/div>\n\t\t\t\t<div class=\"elementor-column elementor-col-20 elementor-top-column elementor-element elementor-element-885295c\" data-id=\"885295c\" data-element_type=\"column\">\n\t\t\t<div class=\"elementor-widget-wrap elementor-element-populated\">\n\t\t\t\t\t\t<div class=\"elementor-element elementor-element-8f9a9b5 elementor-widget elementor-widget-image\" data-id=\"8f9a9b5\" data-element_type=\"widget\" data-widget_type=\"image.default\">\n\t\t\t\t<div class=\"elementor-widget-container\">\n\t\t\t\t\t\t\t\t\t\t\t\t\t<img decoding=\"async\" width=\"700\" height=\"467\" src=\"https:\/\/www.karelkalip.com.tr\/wp-content\/uploads\/2019\/01\/modif2.jpg\" class=\"attachment-large size-large wp-image-577\" alt=\"\" srcset=\"https:\/\/www.karelkalip.com.tr\/wp-content\/uploads\/2019\/01\/modif2.jpg 945w, https:\/\/www.karelkalip.com.tr\/wp-content\/uploads\/2019\/01\/modif2-450x300.jpg 450w, https:\/\/www.karelkalip.com.tr\/wp-content\/uploads\/2019\/01\/modif2-768x512.jpg 768w, https:\/\/www.karelkalip.com.tr\/wp-content\/uploads\/2019\/01\/modif2-624x416.jpg 624w\" sizes=\"(max-width: 700px) 100vw, 700px\" \/>\t\t\t\t\t\t\t\t\t\t\t\t\t<\/div>\n\t\t\t\t<\/div>\n\t\t\t\t<div class=\"elementor-element elementor-element-261b852 elementor-widget elementor-widget-text-editor\" data-id=\"261b852\" data-element_type=\"widget\" data-widget_type=\"text-editor.default\">\n\t\t\t\t<div class=\"elementor-widget-container\">\n\t\t\t\t\t\t\t<p style=\"text-align: center;\"><span style=\"font-size: 18pt;\"><strong><span style=\"color: #000000;\">MACHINING<\/span><\/strong><\/span><\/p>\t\t\t\t\t\t<\/div>\n\t\t\t\t<\/div>\n\t\t\t\t\t<\/div>\n\t\t<\/div>\n\t\t\t\t<div class=\"elementor-column elementor-col-20 elementor-top-column elementor-element elementor-element-0417720\" data-id=\"0417720\" data-element_type=\"column\">\n\t\t\t<div class=\"elementor-widget-wrap elementor-element-populated\">\n\t\t\t\t\t\t<div class=\"elementor-element elementor-element-17b3ca3 elementor-widget elementor-widget-image\" data-id=\"17b3ca3\" data-element_type=\"widget\" data-widget_type=\"image.default\">\n\t\t\t\t<div class=\"elementor-widget-container\">\n\t\t\t\t\t\t\t\t\t\t\t\t\t<img decoding=\"async\" width=\"700\" height=\"489\" src=\"https:\/\/www.karelkalip.com.tr\/wp-content\/uploads\/2019\/02\/EDM-1024x715.png\" class=\"attachment-large size-large wp-image-583\" alt=\"\" srcset=\"https:\/\/www.karelkalip.com.tr\/wp-content\/uploads\/2019\/02\/EDM-1024x715.png 1024w, https:\/\/www.karelkalip.com.tr\/wp-content\/uploads\/2019\/02\/EDM-430x300.png 430w, https:\/\/www.karelkalip.com.tr\/wp-content\/uploads\/2019\/02\/EDM-768x536.png 768w, https:\/\/www.karelkalip.com.tr\/wp-content\/uploads\/2019\/02\/EDM-624x435.png 624w, https:\/\/www.karelkalip.com.tr\/wp-content\/uploads\/2019\/02\/EDM.png 1185w\" sizes=\"(max-width: 700px) 100vw, 700px\" \/>\t\t\t\t\t\t\t\t\t\t\t\t\t<\/div>\n\t\t\t\t<\/div>\n\t\t\t\t<div class=\"elementor-element elementor-element-a1c2286 elementor-widget elementor-widget-text-editor\" data-id=\"a1c2286\" data-element_type=\"widget\" data-widget_type=\"text-editor.default\">\n\t\t\t\t<div class=\"elementor-widget-container\">\n\t\t\t\t\t\t\t<p style=\"text-align: center;\"><span style=\"color: #000000; font-size: 18pt;\"><strong>EDM<\/strong><\/span><\/p>\t\t\t\t\t\t<\/div>\n\t\t\t\t<\/div>\n\t\t\t\t\t<\/div>\n\t\t<\/div>\n\t\t\t\t<div class=\"elementor-column elementor-col-20 elementor-top-column elementor-element elementor-element-138c087\" data-id=\"138c087\" data-element_type=\"column\">\n\t\t\t<div class=\"elementor-widget-wrap elementor-element-populated\">\n\t\t\t\t\t\t<div class=\"elementor-element elementor-element-ea719bd elementor-widget elementor-widget-image\" data-id=\"ea719bd\" data-element_type=\"widget\" data-widget_type=\"image.default\">\n\t\t\t\t<div class=\"elementor-widget-container\">\n\t\t\t\t\t\t\t\t\t\t\t\t\t<img loading=\"lazy\" decoding=\"async\" width=\"700\" height=\"525\" src=\"https:\/\/www.karelkalip.com.tr\/wp-content\/uploads\/2019\/02\/IMG_20190205_095456-1024x768.jpg\" class=\"attachment-large size-large wp-image-588\" alt=\"\" srcset=\"https:\/\/www.karelkalip.com.tr\/wp-content\/uploads\/2019\/02\/IMG_20190205_095456-1024x768.jpg 1024w, https:\/\/www.karelkalip.com.tr\/wp-content\/uploads\/2019\/02\/IMG_20190205_095456-400x300.jpg 400w, https:\/\/www.karelkalip.com.tr\/wp-content\/uploads\/2019\/02\/IMG_20190205_095456-768x576.jpg 768w, https:\/\/www.karelkalip.com.tr\/wp-content\/uploads\/2019\/02\/IMG_20190205_095456-624x468.jpg 624w\" sizes=\"(max-width: 700px) 100vw, 700px\" \/>\t\t\t\t\t\t\t\t\t\t\t\t\t<\/div>\n\t\t\t\t<\/div>\n\t\t\t\t<div class=\"elementor-element elementor-element-aa0591f elementor-widget elementor-widget-text-editor\" data-id=\"aa0591f\" data-element_type=\"widget\" data-widget_type=\"text-editor.default\">\n\t\t\t\t<div class=\"elementor-widget-container\">\n\t\t\t\t\t\t\t<p style=\"text-align: center;\"><span style=\"font-size: 18pt;\"><strong><span style=\"color: #000000;\">BENCH WORK<\/span><\/strong><\/span><\/p>\t\t\t\t\t\t<\/div>\n\t\t\t\t<\/div>\n\t\t\t\t\t<\/div>\n\t\t<\/div>\n\t\t\t\t<div class=\"elementor-column elementor-col-20 elementor-top-column elementor-element elementor-element-120a693\" data-id=\"120a693\" data-element_type=\"column\">\n\t\t\t<div class=\"elementor-widget-wrap elementor-element-populated\">\n\t\t\t\t\t\t<div class=\"elementor-element elementor-element-68bc1cb elementor-widget elementor-widget-image\" data-id=\"68bc1cb\" data-element_type=\"widget\" data-widget_type=\"image.default\">\n\t\t\t\t<div class=\"elementor-widget-container\">\n\t\t\t\t\t\t\t\t\t\t\t\t\t<img loading=\"lazy\" decoding=\"async\" width=\"700\" height=\"649\" src=\"https:\/\/www.karelkalip.com.tr\/wp-content\/uploads\/2019\/02\/IMG_20190129_115336_edited-1024x949.jpg\" class=\"attachment-large size-large wp-image-900\" alt=\"\" srcset=\"https:\/\/www.karelkalip.com.tr\/wp-content\/uploads\/2019\/02\/IMG_20190129_115336_edited-1024x949.jpg 1024w, https:\/\/www.karelkalip.com.tr\/wp-content\/uploads\/2019\/02\/IMG_20190129_115336_edited-324x300.jpg 324w, https:\/\/www.karelkalip.com.tr\/wp-content\/uploads\/2019\/02\/IMG_20190129_115336_edited-768x711.jpg 768w, https:\/\/www.karelkalip.com.tr\/wp-content\/uploads\/2019\/02\/IMG_20190129_115336_edited-624x578.jpg 624w, https:\/\/www.karelkalip.com.tr\/wp-content\/uploads\/2019\/02\/IMG_20190129_115336_edited.jpg 1560w\" sizes=\"(max-width: 700px) 100vw, 700px\" \/>\t\t\t\t\t\t\t\t\t\t\t\t\t<\/div>\n\t\t\t\t<\/div>\n\t\t\t\t<div class=\"elementor-element elementor-element-48ce421 elementor-widget elementor-widget-text-editor\" data-id=\"48ce421\" data-element_type=\"widget\" data-widget_type=\"text-editor.default\">\n\t\t\t\t<div class=\"elementor-widget-container\">\n\t\t\t\t\t\t\t<p style=\"text-align: center;\"><span style=\"color: #000000;\"><strong><span style=\"font-size: 18pt;\">DELIVERY<\/span><\/strong><\/span><\/p>\t\t\t\t\t\t<\/div>\n\t\t\t\t<\/div>\n\t\t\t\t\t<\/div>\n\t\t<\/div>\n\t\t\t\t\t<\/div>\n\t\t<\/section>\n\t\t\t\t<\/div>","protected":false},"excerpt":{"rendered":"<p>Kal\u0131p Modifikasyon ve Bak\u0131m Karel Kal\u0131p 1994\u2019den g\u00fcn\u00fcm\u00fcze kal\u0131p tasar\u0131m\u0131 ve \u00fcretimi konusunda uzmanla\u015fm\u0131\u015ft\u0131r. Karel Kal\u0131p bug\u00fcne kadar binlerce kal\u0131p modifikasyonu yaparak tasar\u0131m ve imalat konusunda e\u015fsiz bilgi birikimi kazanm\u0131\u015ft\u0131r. \u00a0 \u00a0Karel Kal\u0131p olarak\u00a0 y\u00fcksek hassasiyet teknolojisine sahip tezgah kapasitemiz tecr\u00fcbeli ekibimizle ile 40 tona kadar t\u00fcm kal\u0131plar\u0131n\u0131n \u00fcretim ve tasar\u0131m de\u011fi\u015fikliklerini y\u00f6netebilmekteyiz. Uzman proje [&hellip;]<\/p>","protected":false},"author":2,"featured_media":0,"parent":0,"menu_order":0,"comment_status":"closed","ping_status":"closed","template":"","meta":{"_mi_skip_tracking":false,"footnotes":""},"_links":{"self":[{"href":"https:\/\/www.karelkalip.com.tr\/en\/wp-json\/wp\/v2\/pages\/369"}],"collection":[{"href":"https:\/\/www.karelkalip.com.tr\/en\/wp-json\/wp\/v2\/pages"}],"about":[{"href":"https:\/\/www.karelkalip.com.tr\/en\/wp-json\/wp\/v2\/types\/page"}],"author":[{"embeddable":true,"href":"https:\/\/www.karelkalip.com.tr\/en\/wp-json\/wp\/v2\/users\/2"}],"replies":[{"embeddable":true,"href":"https:\/\/www.karelkalip.com.tr\/en\/wp-json\/wp\/v2\/comments?post=369"}],"version-history":[{"count":18,"href":"https:\/\/www.karelkalip.com.tr\/en\/wp-json\/wp\/v2\/pages\/369\/revisions"}],"predecessor-version":[{"id":1795,"href":"https:\/\/www.karelkalip.com.tr\/en\/wp-json\/wp\/v2\/pages\/369\/revisions\/1795"}],"wp:attachment":[{"href":"https:\/\/www.karelkalip.com.tr\/en\/wp-json\/wp\/v2\/media?parent=369"}],"curies":[{"name":"wp","href":"https:\/\/api.w.org\/{rel}","templated":true}]}}