{"id":15,"date":"2019-01-11T16:56:16","date_gmt":"2019-01-11T13:56:16","guid":{"rendered":"http:\/\/www.karelkalip.com.tr\/?page_id=15"},"modified":"2019-01-16T08:38:35","modified_gmt":"2019-01-16T05:38:35","slug":"urun-ve-hizmetler","status":"publish","type":"page","link":"https:\/\/www.karelkalip.com.tr\/tr_tr\/urun-ve-hizmetler","title":{"rendered":"\u00dcR\u00dcN VE H\u0130ZMETLER"},"content":{"rendered":"<p>hnjdgj<\/p>\n","protected":false},"excerpt":{"rendered":"<p>hnjdgj<\/p>\n","protected":false},"author":2,"featured_media":0,"parent":0,"menu_order":0,"comment_status":"closed","ping_status":"closed","template":"","meta":{"_mi_skip_tracking":false,"footnotes":""},"_links":{"self":[{"href":"https:\/\/www.karelkalip.com.tr\/tr_tr\/wp-json\/wp\/v2\/pages\/15"}],"collection":[{"href":"https:\/\/www.karelkalip.com.tr\/tr_tr\/wp-json\/wp\/v2\/pages"}],"about":[{"href":"https:\/\/www.karelkalip.com.tr\/tr_tr\/wp-json\/wp\/v2\/types\/page"}],"author":[{"embeddable":true,"href":"https:\/\/www.karelkalip.com.tr\/tr_tr\/wp-json\/wp\/v2\/users\/2"}],"replies":[{"embeddable":true,"href":"https:\/\/www.karelkalip.com.tr\/tr_tr\/wp-json\/wp\/v2\/comments?post=15"}],"version-history":[{"count":2,"href":"https:\/\/www.karelkalip.com.tr\/tr_tr\/wp-json\/wp\/v2\/pages\/15\/revisions"}],"predecessor-version":[{"id":99,"href":"https:\/\/www.karelkalip.com.tr\/tr_tr\/wp-json\/wp\/v2\/pages\/15\/revisions\/99"}],"wp:attachment":[{"href":"https:\/\/www.karelkalip.com.tr\/tr_tr\/wp-json\/wp\/v2\/media?parent=15"}],"curies":[{"name":"wp","href":"https:\/\/api.w.org\/{rel}","templated":true}]}}