{"id":18,"date":"2019-01-11T16:56:29","date_gmt":"2019-01-11T13:56:29","guid":{"rendered":"http:\/\/www.karelkalip.com.tr\/?page_id=18"},"modified":"2024-12-30T13:32:58","modified_gmt":"2024-12-30T10:32:58","slug":"ar-ge-ve-inovasyon","status":"publish","type":"page","link":"https:\/\/www.karelkalip.com.tr\/tr_tr\/ar-ge-ve-inovasyon","title":{"rendered":"AR-GE ve \u0130NOVASYON"},"content":{"rendered":"\t\t<div data-elementor-type=\"wp-post\" data-elementor-id=\"18\" class=\"elementor elementor-18\">\n\t\t\t\t\t\t<section class=\"elementor-section elementor-top-section elementor-element elementor-element-e31df98 elementor-section-boxed elementor-section-height-default elementor-section-height-default\" data-id=\"e31df98\" data-element_type=\"section\">\n\t\t\t\t\t\t<div class=\"elementor-container elementor-column-gap-default\">\n\t\t\t\t\t<div class=\"elementor-column elementor-col-100 elementor-top-column elementor-element elementor-element-1612f6d\" data-id=\"1612f6d\" data-element_type=\"column\">\n\t\t\t<div class=\"elementor-widget-wrap elementor-element-populated\">\n\t\t\t\t\t\t<div class=\"elementor-element elementor-element-964717f elementor-widget elementor-widget-text-editor\" data-id=\"964717f\" data-element_type=\"widget\" data-widget_type=\"text-editor.default\">\n\t\t\t\t<div class=\"elementor-widget-container\">\n\t\t\t\t\t\t\t<h1><span style=\"color: #000000;\">KAREL KALIP AR-GE MERKEZ\u0130&nbsp;<\/span><\/h1>\n<p><span style=\"color: #000000;\">Karel Kal\u0131p Sanayi A.\u015e. Aral\u0131k 2015 y\u0131l\u0131ndan itibaren TC. Bilim, Sanayi ve Teknoloji Bakanl\u0131\u011f\u0131 onayl\u0131 bir Ar-Ge Merkezi olarak faaliyetlerini s\u00fcrd\u00fcrmektedir.&nbsp; G\u00fcn\u00fcm\u00fczde geli\u015fen\/de\u011fi\u015fen kal\u0131plama ve \u00fcretim teknolojileri ile beraber Ar-Ge ve inovasyon her ge\u00e7en g\u00fcn daha \u00e7ok \u00f6nem kazanmaktad\u0131r. Ar-Ge Merkezimizde uzman ekibimizle birlikte a\u015fa\u011f\u0131daki konularda teknoloji geli\u015ftirme \u00e7al\u0131\u015fmalar\u0131m\u0131z\u0131 s\u00fcrd\u00fcrmekteyiz.<\/span><\/p>\n<p><span style=\"color: #000000;\">\u00c7al\u0131\u015fma konular\u0131m\u0131z;<br><\/span><span style=\"color: #000000;\">&#8211; Yeni nesil kompozit ve plastik malzemeler kullanarak ara\u00e7 i\u00e7i par\u00e7a hafifletme \u00e7al\u0131\u015fmalar\u0131,<br><\/span><span style=\"color: #000000;\">&#8211; Poli\u00fcretan malzemelerin kal\u0131planabilirli\u011fi,<br><\/span><span style=\"color: #000000;\">&#8211; Kal\u0131p i\u00e7inde film formlama,<br><\/span><span style=\"color: #000000;\">&#8211; Termoforming proses geli\u015ftirme,<br><\/span><span style=\"color: #000000;\">&#8211; Overmolding proses geli\u015ftirme,<br><\/span><span style=\"color: #000000;\">&#8211; Insert Molding proses geli\u015ftirme<\/span><\/p><p><span style=\"color: #000000;\"><br><\/span><\/p>\t\t\t\t\t\t<\/div>\n\t\t\t\t<\/div>\n\t\t\t\t\t<\/div>\n\t\t<\/div>\n\t\t\t\t\t<\/div>\n\t\t<\/section>\n\t\t\t\t<section class=\"elementor-section elementor-top-section elementor-element elementor-element-3fa66fa elementor-section-boxed elementor-section-height-default elementor-section-height-default\" data-id=\"3fa66fa\" data-element_type=\"section\">\n\t\t\t\t\t\t<div class=\"elementor-container elementor-column-gap-default\">\n\t\t\t\t\t<div class=\"elementor-column elementor-col-50 elementor-top-column elementor-element elementor-element-fd3120d\" data-id=\"fd3120d\" data-element_type=\"column\">\n\t\t\t<div class=\"elementor-widget-wrap elementor-element-populated\">\n\t\t\t\t\t\t<div class=\"elementor-element elementor-element-f22c4ac elementor-widget elementor-widget-image\" data-id=\"f22c4ac\" data-element_type=\"widget\" data-widget_type=\"image.default\">\n\t\t\t\t<div class=\"elementor-widget-container\">\n\t\t\t\t\t\t\t\t\t\t\t\t\t<img fetchpriority=\"high\" decoding=\"async\" width=\"1021\" height=\"591\" src=\"https:\/\/www.karelkalip.com.tr\/wp-content\/uploads\/2019\/01\/Resim1.png\" class=\"attachment-full size-full wp-image-275\" alt=\"\" srcset=\"https:\/\/www.karelkalip.com.tr\/wp-content\/uploads\/2019\/01\/Resim1.png 1021w, https:\/\/www.karelkalip.com.tr\/wp-content\/uploads\/2019\/01\/Resim1-500x289.png 500w, https:\/\/www.karelkalip.com.tr\/wp-content\/uploads\/2019\/01\/Resim1-768x445.png 768w, https:\/\/www.karelkalip.com.tr\/wp-content\/uploads\/2019\/01\/Resim1-624x361.png 624w\" sizes=\"(max-width: 1021px) 100vw, 1021px\" \/>\t\t\t\t\t\t\t\t\t\t\t\t\t<\/div>\n\t\t\t\t<\/div>\n\t\t\t\t<div class=\"elementor-element elementor-element-73ce4b1 elementor-widget elementor-widget-heading\" data-id=\"73ce4b1\" data-element_type=\"widget\" data-widget_type=\"heading.default\">\n\t\t\t\t<div class=\"elementor-widget-container\">\n\t\t\t<h2 class=\"elementor-heading-title elementor-size-default\">Lightweighting<\/h2>\t\t<\/div>\n\t\t\t\t<\/div>\n\t\t\t\t<div class=\"elementor-element elementor-element-8c4331f elementor-widget elementor-widget-text-editor\" data-id=\"8c4331f\" data-element_type=\"widget\" data-widget_type=\"text-editor.default\">\n\t\t\t\t<div class=\"elementor-widget-container\">\n\t\t\t\t\t\t\t<p><span style=\"color: #000000;\">Gelecek ku\u015faklara ya\u015fanabilir bir d\u00fcnya b\u0131rakmak i\u00e7in \u00e7evreci \u00fcretim teknolojilerini \u00f6nemsiyoruz. Otomotiv sekt\u00f6r\u00fcnde g\u00fcndeme gelen korbondioksit sal\u0131n\u0131m\u0131n\u0131 azaltmak i\u00e7in yap\u0131lan ara\u00e7 hafifletme \u00e7al\u0131\u015fmalar\u0131 Ar-Ge faaliyetlerimizin ba\u015f\u0131nda yer almaktad\u0131r.\u00a0\u00a0<\/span><\/p>\t\t\t\t\t\t<\/div>\n\t\t\t\t<\/div>\n\t\t\t\t\t<\/div>\n\t\t<\/div>\n\t\t\t\t<div class=\"elementor-column elementor-col-50 elementor-top-column elementor-element elementor-element-2c62212\" data-id=\"2c62212\" data-element_type=\"column\">\n\t\t\t<div class=\"elementor-widget-wrap elementor-element-populated\">\n\t\t\t\t\t\t<div class=\"elementor-element elementor-element-e7d7e8d elementor-widget elementor-widget-image\" data-id=\"e7d7e8d\" data-element_type=\"widget\" data-widget_type=\"image.default\">\n\t\t\t\t<div class=\"elementor-widget-container\">\n\t\t\t\t\t\t\t\t\t\t\t\t\t<img decoding=\"async\" width=\"700\" height=\"402\" src=\"https:\/\/www.karelkalip.com.tr\/wp-content\/uploads\/2019\/01\/sonnedited-1024x588.jpg\" class=\"attachment-large size-large wp-image-300\" alt=\"\" srcset=\"https:\/\/www.karelkalip.com.tr\/wp-content\/uploads\/2019\/01\/sonnedited-1024x588.jpg 1024w, https:\/\/www.karelkalip.com.tr\/wp-content\/uploads\/2019\/01\/sonnedited-500x287.jpg 500w, https:\/\/www.karelkalip.com.tr\/wp-content\/uploads\/2019\/01\/sonnedited-768x441.jpg 768w, https:\/\/www.karelkalip.com.tr\/wp-content\/uploads\/2019\/01\/sonnedited-624x358.jpg 624w\" sizes=\"(max-width: 700px) 100vw, 700px\" \/>\t\t\t\t\t\t\t\t\t\t\t\t\t<\/div>\n\t\t\t\t<\/div>\n\t\t\t\t<div class=\"elementor-element elementor-element-f14741c elementor-widget elementor-widget-heading\" data-id=\"f14741c\" data-element_type=\"widget\" data-widget_type=\"heading.default\">\n\t\t\t\t<div class=\"elementor-widget-container\">\n\t\t\t<h2 class=\"elementor-heading-title elementor-size-default\">Overmolding Uygulamalar\u0131<\/h2>\t\t<\/div>\n\t\t\t\t<\/div>\n\t\t\t\t<div class=\"elementor-element elementor-element-613b155 elementor-widget elementor-widget-text-editor\" data-id=\"613b155\" data-element_type=\"widget\" data-widget_type=\"text-editor.default\">\n\t\t\t\t<div class=\"elementor-widget-container\">\n\t\t\t\t\t\t\t<p><span style=\"color: #000000;\">\u0130leri kal\u0131p teknolojileri ile polimer tekstili teknolojisini evlendirdik.<\/span><\/p><p><span style=\"color: #000000;\">Ara\u00e7ta titre\u015fimi azaltan ve hafiflik sa\u011flayan 4 g\u00f6zl\u00fc \u00e7amurluk kal\u0131p geli\u015ftirme projesini 2008 y\u0131l\u0131nda partnerimiz olan IAC firmas\u0131 ile tamamlad\u0131k.\u00a0<\/span><\/p>\t\t\t\t\t\t<\/div>\n\t\t\t\t<\/div>\n\t\t\t\t\t<\/div>\n\t\t<\/div>\n\t\t\t\t\t<\/div>\n\t\t<\/section>\n\t\t\t\t<section class=\"elementor-section elementor-top-section elementor-element elementor-element-b69f728 elementor-section-boxed elementor-section-height-default elementor-section-height-default\" data-id=\"b69f728\" data-element_type=\"section\">\n\t\t\t\t\t\t<div class=\"elementor-container elementor-column-gap-default\">\n\t\t\t\t\t<div class=\"elementor-column elementor-col-33 elementor-top-column elementor-element elementor-element-89fc1d8\" data-id=\"89fc1d8\" data-element_type=\"column\">\n\t\t\t<div class=\"elementor-widget-wrap elementor-element-populated\">\n\t\t\t\t\t\t<div class=\"elementor-element elementor-element-6090b15 elementor-widget elementor-widget-image\" data-id=\"6090b15\" data-element_type=\"widget\" data-widget_type=\"image.default\">\n\t\t\t\t<div class=\"elementor-widget-container\">\n\t\t\t\t\t\t\t\t\t\t\t\t\t<img decoding=\"async\" width=\"700\" height=\"700\" src=\"https:\/\/www.karelkalip.com.tr\/wp-content\/uploads\/2019\/01\/rsmm.jpg\" class=\"attachment-large size-large wp-image-284\" alt=\"\" srcset=\"https:\/\/www.karelkalip.com.tr\/wp-content\/uploads\/2019\/01\/rsmm.jpg 885w, https:\/\/www.karelkalip.com.tr\/wp-content\/uploads\/2019\/01\/rsmm-150x150.jpg 150w, https:\/\/www.karelkalip.com.tr\/wp-content\/uploads\/2019\/01\/rsmm-300x300.jpg 300w, https:\/\/www.karelkalip.com.tr\/wp-content\/uploads\/2019\/01\/rsmm-768x768.jpg 768w, https:\/\/www.karelkalip.com.tr\/wp-content\/uploads\/2019\/01\/rsmm-624x624.jpg 624w\" sizes=\"(max-width: 700px) 100vw, 700px\" \/>\t\t\t\t\t\t\t\t\t\t\t\t\t<\/div>\n\t\t\t\t<\/div>\n\t\t\t\t<div class=\"elementor-element elementor-element-e0a7b89 elementor-widget elementor-widget-heading\" data-id=\"e0a7b89\" data-element_type=\"widget\" data-widget_type=\"heading.default\">\n\t\t\t\t<div class=\"elementor-widget-container\">\n\t\t\t<h2 class=\"elementor-heading-title elementor-size-default\">Do\u011fal Elyaf Katk\u0131l\u0131 Polimer Enjeksiyon Kal\u0131p Geli\u015ftirme Projesi<\/h2>\t\t<\/div>\n\t\t\t\t<\/div>\n\t\t\t\t<div class=\"elementor-element elementor-element-4f46c00 elementor-widget elementor-widget-text-editor\" data-id=\"4f46c00\" data-element_type=\"widget\" data-widget_type=\"text-editor.default\">\n\t\t\t\t<div class=\"elementor-widget-container\">\n\t\t\t\t\t\t\t<p><span style=\"color: #000000;\">G\u00f6rsel kalite beklentisi y\u00fcksek, b\u00fcy\u00fck boyutlu kap\u0131 panellerinin PP malzeme yerine do\u011fal elyaf katk\u0131l\u0131 termoplastik malzemeler kullan\u0131lm\u0131\u015ft\u0131r.<\/span><\/p><p><span style=\"color: #000000;\">Yeni malzemelerle kap\u0131 panellerinin daha hafif, ses yal\u0131t\u0131m ve \u00e7evre dostu olmas\u0131 \u00f6zellikleri geli\u015ftirilmi\u015ftir.<\/span><\/p><p><span style=\"color: #000000;\">Yenilik\u00e7i enjeksiyon metodlar\u0131 kullan\u0131larak kal\u0131p i\u00e7i formlama ve \u00e7oklu kal\u0131plama (overmolding) \u00e7al\u0131\u015fmalar\u0131 ar-ge laboratuvar\u0131m\u0131zda ba\u015far\u0131l\u0131 bir \u015fekilde tamamlanm\u0131\u015ft\u0131r.<\/span><\/p>\t\t\t\t\t\t<\/div>\n\t\t\t\t<\/div>\n\t\t\t\t\t<\/div>\n\t\t<\/div>\n\t\t\t\t<div class=\"elementor-column elementor-col-33 elementor-top-column elementor-element elementor-element-a4ebd4b\" data-id=\"a4ebd4b\" data-element_type=\"column\">\n\t\t\t<div class=\"elementor-widget-wrap elementor-element-populated\">\n\t\t\t\t\t\t<div class=\"elementor-element elementor-element-ac3cbe9 elementor-widget elementor-widget-image\" data-id=\"ac3cbe9\" data-element_type=\"widget\" data-widget_type=\"image.default\">\n\t\t\t\t<div class=\"elementor-widget-container\">\n\t\t\t\t\t\t\t\t\t\t\t\t\t<img loading=\"lazy\" decoding=\"async\" width=\"426\" height=\"426\" src=\"https:\/\/www.karelkalip.com.tr\/wp-content\/uploads\/2019\/01\/Resim2.jpg\" class=\"attachment-large size-large wp-image-283\" alt=\"\" srcset=\"https:\/\/www.karelkalip.com.tr\/wp-content\/uploads\/2019\/01\/Resim2.jpg 426w, https:\/\/www.karelkalip.com.tr\/wp-content\/uploads\/2019\/01\/Resim2-150x150.jpg 150w, https:\/\/www.karelkalip.com.tr\/wp-content\/uploads\/2019\/01\/Resim2-300x300.jpg 300w\" sizes=\"(max-width: 426px) 100vw, 426px\" \/>\t\t\t\t\t\t\t\t\t\t\t\t\t<\/div>\n\t\t\t\t<\/div>\n\t\t\t\t<div class=\"elementor-element elementor-element-163bb7d elementor-widget elementor-widget-heading\" data-id=\"163bb7d\" data-element_type=\"widget\" data-widget_type=\"heading.default\">\n\t\t\t\t<div class=\"elementor-widget-container\">\n\t\t\t<h2 class=\"elementor-heading-title elementor-size-default\">\u00c7ift Plakal\u0131 Vakumlama Prosesi \u0130le Kal\u0131p Geli\u015ftirme Projesi<\/h2>\t\t<\/div>\n\t\t\t\t<\/div>\n\t\t\t\t<div class=\"elementor-element elementor-element-a0aca92 elementor-widget elementor-widget-text-editor\" data-id=\"a0aca92\" data-element_type=\"widget\" data-widget_type=\"text-editor.default\">\n\t\t\t\t<div class=\"elementor-widget-container\">\n\t\t\t\t\t\t\t<p><span style=\"color: #000000;\">Ara\u00e7larda g\u00f6r\u00fcnmeyen havaland\u0131rma kanallar\u0131 olarak ge\u00e7en air duct otomotiv par\u00e7as\u0131n\u0131n \u00fcretim ve kal\u0131plama prosesi olarak polimerlerin \u015fi\u015firme metodu kullan\u0131lmaktad\u0131r.\u00a0<\/span><\/p><p><span style=\"color: #000000;\">Projemizle birlikte polimerlerin \u015fi\u015firme metoduyla \u015fekil verilmesine alternatif olarak \u00e7ift plakal\u0131 vakum destekli kal\u0131plama teknolojisi ile a\u011f\u0131rl\u0131k hafifletme ve T\u00fcrkiye&#8217;de ilk defa karma\u015f\u0131k \u015fekilli d\u00fc\u015f\u00fck yo\u011funluklu malzemeler i\u00e7in \u00fcretim ve kal\u0131plama prosesini Tofa\u015f ile birlikte ger\u00e7ekle\u015ftirdik. Twin sheet makinesi tasar\u0131m\u0131, imali ve denemeleri Ar-Ge laboratuvar\u0131m\u0131zda ba\u015far\u0131l\u0131 bir \u015fekilde tamamlanm\u0131\u015ft\u0131r. Projemiz Tubitak-Teydeb destekli bir proje olarak y\u00f6netilmi\u015ftir.<\/span><\/p>\t\t\t\t\t\t<\/div>\n\t\t\t\t<\/div>\n\t\t\t\t\t<\/div>\n\t\t<\/div>\n\t\t\t\t<div class=\"elementor-column elementor-col-33 elementor-top-column elementor-element elementor-element-571466f\" data-id=\"571466f\" data-element_type=\"column\">\n\t\t\t<div class=\"elementor-widget-wrap elementor-element-populated\">\n\t\t\t\t\t\t<div class=\"elementor-element elementor-element-04e6e98 elementor-widget elementor-widget-image\" data-id=\"04e6e98\" data-element_type=\"widget\" data-widget_type=\"image.default\">\n\t\t\t\t<div class=\"elementor-widget-container\">\n\t\t\t\t\t\t\t\t\t\t\t\t\t<img loading=\"lazy\" decoding=\"async\" width=\"426\" height=\"418\" src=\"https:\/\/www.karelkalip.com.tr\/wp-content\/uploads\/2019\/01\/newa3.jpg\" class=\"attachment-large size-large wp-image-285\" alt=\"\" srcset=\"https:\/\/www.karelkalip.com.tr\/wp-content\/uploads\/2019\/01\/newa3.jpg 426w, https:\/\/www.karelkalip.com.tr\/wp-content\/uploads\/2019\/01\/newa3-306x300.jpg 306w\" sizes=\"(max-width: 426px) 100vw, 426px\" \/>\t\t\t\t\t\t\t\t\t\t\t\t\t<\/div>\n\t\t\t\t<\/div>\n\t\t\t\t<div class=\"elementor-element elementor-element-ddd34a7 elementor-widget elementor-widget-heading\" data-id=\"ddd34a7\" data-element_type=\"widget\" data-widget_type=\"heading.default\">\n\t\t\t\t<div class=\"elementor-widget-container\">\n\t\t\t<h2 class=\"elementor-heading-title elementor-size-default\">Mucell (Mikro H\u00fccresel K\u00f6p\u00fcklendirme) Teknolojisi ile Kal\u0131p Geli\u015ftrime Projesi<\/h2>\t\t<\/div>\n\t\t\t\t<\/div>\n\t\t\t\t<div class=\"elementor-element elementor-element-5994dbd elementor-widget elementor-widget-text-editor\" data-id=\"5994dbd\" data-element_type=\"widget\" data-widget_type=\"text-editor.default\">\n\t\t\t\t<div class=\"elementor-widget-container\">\n\t\t\t\t\t\t\t<p><span style=\"color: #000000;\">Plastik enjeksiyonda fiziksel k\u00f6p\u00fcrtme y\u00f6ntemine uygun motor alt muhafaza par\u00e7as\u0131n\u0131n tasar\u0131m, kal\u0131p ve kal\u0131plama prosesi geli\u015ftirilmi\u015ftir.<\/span><\/p><p><span style=\"color: #000000;\">Mikro h\u00fccresel k\u00f6p\u00fck yap\u0131s\u0131na sahip motor alt muhafaza par\u00e7as\u0131 bu sayede teknik ve mali beklentileri kar\u015f\u0131layacak bir \u015fekilde tamamlanm\u0131\u015ft\u0131r. <\/span><\/p>\t\t\t\t\t\t<\/div>\n\t\t\t\t<\/div>\n\t\t\t\t\t<\/div>\n\t\t<\/div>\n\t\t\t\t\t<\/div>\n\t\t<\/section>\n\t\t\t\t<section class=\"elementor-section elementor-top-section elementor-element elementor-element-1f3f248 elementor-section-boxed elementor-section-height-default elementor-section-height-default\" data-id=\"1f3f248\" data-element_type=\"section\">\n\t\t\t\t\t\t<div class=\"elementor-container elementor-column-gap-default\">\n\t\t\t\t\t<div class=\"elementor-column elementor-col-100 elementor-top-column elementor-element elementor-element-a4e29a3\" data-id=\"a4e29a3\" data-element_type=\"column\">\n\t\t\t<div class=\"elementor-widget-wrap elementor-element-populated\">\n\t\t\t\t\t\t<div class=\"elementor-element elementor-element-13e5e78 elementor-widget elementor-widget-text-editor\" data-id=\"13e5e78\" data-element_type=\"widget\" data-widget_type=\"text-editor.default\">\n\t\t\t\t<div class=\"elementor-widget-container\">\n\t\t\t\t\t\t\t<h1>&nbsp;<\/h1>\n<h1><span style=\"font-size: 18pt;\">PROJELER\u0130M\u0130Z VE \u0130\u015e ORTAKLARIMIZ<\/span><\/h1>\t\t\t\t\t\t<\/div>\n\t\t\t\t<\/div>\n\t\t\t\t<div class=\"elementor-element elementor-element-2344416 elementor-widget elementor-widget-text-editor\" data-id=\"2344416\" data-element_type=\"widget\" data-widget_type=\"text-editor.default\">\n\t\t\t\t<div class=\"elementor-widget-container\">\n\t\t\t\t\t\t\t<p><span style=\"color: #000000;\">Karel Kal\u0131p olarak i\u015fbirli\u011fin getirdi\u011fi\u00a0 yenilik ve teknolojinin fark\u0131nda olup \u00fcniversiteler, ar-ge merkezleri ve di\u011fer ulusal ve uluslararas\u0131 kurumlarla \u00e7e\u015fitli i\u015fbirliklerini ger\u00e7ekle\u015ftiriyoruz.<\/span><\/p><p><span style=\"color: #000000;\">Bu sayede;<\/span><\/p><ul><li><span style=\"color: #000000;\">\u0130\u015fbirli\u011fini teknolojiye ve \u00fcretime d\u00f6n\u00fc\u015ft\u00fcrerek ekonomik geli\u015fmeye,<\/span><\/li><li><span style=\"color: #000000;\">Ar-Ge ve yenili\u011fe ,<\/span><\/li><li><span style=\"color: #000000;\">Yeni teknolojilerin \u00f6n\u00fcn\u00fcn a\u00e7\u0131lmas\u0131na olanak sa\u011flamaktay\u0131z.<\/span><\/li><\/ul>\t\t\t\t\t\t<\/div>\n\t\t\t\t<\/div>\n\t\t\t\t<div class=\"elementor-element elementor-element-3b6d6d9 elementor-widget elementor-widget-text-editor\" data-id=\"3b6d6d9\" data-element_type=\"widget\" data-widget_type=\"text-editor.default\">\n\t\t\t\t<div class=\"elementor-widget-container\">\n\t\t\t\t\t\t\t<h1><span style=\"font-size: 18pt;\">AR-GE \u0130\u015fbirliklerimiz<\/span><\/h1>\t\t\t\t\t\t<\/div>\n\t\t\t\t<\/div>\n\t\t\t\t<div class=\"elementor-element elementor-element-d7e3e05 elementor-widget elementor-widget-heading\" data-id=\"d7e3e05\" data-element_type=\"widget\" data-widget_type=\"heading.default\">\n\t\t\t\t<div class=\"elementor-widget-container\">\n\t\t\t<h2 class=\"elementor-heading-title elementor-size-default\">\u00dcniversite \u0130\u015fbirlikleri<\/h2>\t\t<\/div>\n\t\t\t\t<\/div>\n\t\t\t\t<div class=\"elementor-element elementor-element-1577426 elementor-widget elementor-widget-image\" data-id=\"1577426\" data-element_type=\"widget\" data-widget_type=\"image.default\">\n\t\t\t\t<div class=\"elementor-widget-container\">\n\t\t\t\t\t\t\t\t\t\t\t\t\t<img loading=\"lazy\" decoding=\"async\" width=\"700\" height=\"210\" src=\"https:\/\/www.karelkalip.com.tr\/wp-content\/uploads\/2019\/01\/uni-1024x307.png\" class=\"attachment-large size-large wp-image-301\" alt=\"\" srcset=\"https:\/\/www.karelkalip.com.tr\/wp-content\/uploads\/2019\/01\/uni-1024x307.png 1024w, https:\/\/www.karelkalip.com.tr\/wp-content\/uploads\/2019\/01\/uni-500x150.png 500w, https:\/\/www.karelkalip.com.tr\/wp-content\/uploads\/2019\/01\/uni-768x231.png 768w, https:\/\/www.karelkalip.com.tr\/wp-content\/uploads\/2019\/01\/uni-624x187.png 624w, https:\/\/www.karelkalip.com.tr\/wp-content\/uploads\/2019\/01\/uni.png 1422w\" sizes=\"(max-width: 700px) 100vw, 700px\" \/>\t\t\t\t\t\t\t\t\t\t\t\t\t<\/div>\n\t\t\t\t<\/div>\n\t\t\t\t<div class=\"elementor-element elementor-element-7afcfe0 elementor-widget elementor-widget-heading\" data-id=\"7afcfe0\" data-element_type=\"widget\" data-widget_type=\"heading.default\">\n\t\t\t\t<div class=\"elementor-widget-container\">\n\t\t\t<h2 class=\"elementor-heading-title elementor-size-default\">AR-GE Merkezi \u0130\u015fbirlikleri<\/h2>\t\t<\/div>\n\t\t\t\t<\/div>\n\t\t\t\t<div class=\"elementor-element elementor-element-76e12bb elementor-widget elementor-widget-image\" data-id=\"76e12bb\" data-element_type=\"widget\" data-widget_type=\"image.default\">\n\t\t\t\t<div class=\"elementor-widget-container\">\n\t\t\t\t\t\t\t\t\t\t\t\t\t<img loading=\"lazy\" decoding=\"async\" width=\"700\" height=\"222\" src=\"https:\/\/www.karelkalip.com.tr\/wp-content\/uploads\/2019\/01\/Resim4-1024x325.png\" class=\"attachment-large size-large wp-image-320\" alt=\"\" srcset=\"https:\/\/www.karelkalip.com.tr\/wp-content\/uploads\/2019\/01\/Resim4-1024x325.png 1024w, https:\/\/www.karelkalip.com.tr\/wp-content\/uploads\/2019\/01\/Resim4-500x159.png 500w, https:\/\/www.karelkalip.com.tr\/wp-content\/uploads\/2019\/01\/Resim4-768x244.png 768w, https:\/\/www.karelkalip.com.tr\/wp-content\/uploads\/2019\/01\/Resim4-624x198.png 624w, https:\/\/www.karelkalip.com.tr\/wp-content\/uploads\/2019\/01\/Resim4.png 1564w\" sizes=\"(max-width: 700px) 100vw, 700px\" \/>\t\t\t\t\t\t\t\t\t\t\t\t\t<\/div>\n\t\t\t\t<\/div>\n\t\t\t\t\t<\/div>\n\t\t<\/div>\n\t\t\t\t\t<\/div>\n\t\t<\/section>\n\t\t\t\t<\/div>\n\t\t","protected":false},"excerpt":{"rendered":"<p>KAREL KALIP AR-GE MERKEZ\u0130&nbsp; Karel Kal\u0131p Sanayi A.\u015e. Aral\u0131k 2015 y\u0131l\u0131ndan itibaren TC. Bilim, Sanayi ve Teknoloji Bakanl\u0131\u011f\u0131 onayl\u0131 bir Ar-Ge Merkezi olarak faaliyetlerini s\u00fcrd\u00fcrmektedir.&nbsp; G\u00fcn\u00fcm\u00fczde geli\u015fen\/de\u011fi\u015fen kal\u0131plama ve \u00fcretim teknolojileri ile beraber Ar-Ge ve inovasyon her ge\u00e7en g\u00fcn daha \u00e7ok \u00f6nem kazanmaktad\u0131r. Ar-Ge Merkezimizde uzman ekibimizle birlikte a\u015fa\u011f\u0131daki konularda teknoloji geli\u015ftirme \u00e7al\u0131\u015fmalar\u0131m\u0131z\u0131 s\u00fcrd\u00fcrmekteyiz. \u00c7al\u0131\u015fma [&hellip;]<\/p>\n","protected":false},"author":2,"featured_media":0,"parent":0,"menu_order":0,"comment_status":"closed","ping_status":"closed","template":"","meta":{"_mi_skip_tracking":false,"footnotes":""},"_links":{"self":[{"href":"https:\/\/www.karelkalip.com.tr\/tr_tr\/wp-json\/wp\/v2\/pages\/18"}],"collection":[{"href":"https:\/\/www.karelkalip.com.tr\/tr_tr\/wp-json\/wp\/v2\/pages"}],"about":[{"href":"https:\/\/www.karelkalip.com.tr\/tr_tr\/wp-json\/wp\/v2\/types\/page"}],"author":[{"embeddable":true,"href":"https:\/\/www.karelkalip.com.tr\/tr_tr\/wp-json\/wp\/v2\/users\/2"}],"replies":[{"embeddable":true,"href":"https:\/\/www.karelkalip.com.tr\/tr_tr\/wp-json\/wp\/v2\/comments?post=18"}],"version-history":[{"count":40,"href":"https:\/\/www.karelkalip.com.tr\/tr_tr\/wp-json\/wp\/v2\/pages\/18\/revisions"}],"predecessor-version":[{"id":1804,"href":"https:\/\/www.karelkalip.com.tr\/tr_tr\/wp-json\/wp\/v2\/pages\/18\/revisions\/1804"}],"wp:attachment":[{"href":"https:\/\/www.karelkalip.com.tr\/tr_tr\/wp-json\/wp\/v2\/media?parent=18"}],"curies":[{"name":"wp","href":"https:\/\/api.w.org\/{rel}","templated":true}]}}