{"id":21,"date":"2019-01-11T16:56:37","date_gmt":"2019-01-11T13:56:37","guid":{"rendered":"http:\/\/www.karelkalip.com.tr\/?page_id=21"},"modified":"2024-03-20T16:07:09","modified_gmt":"2024-03-20T13:07:09","slug":"insan-kaynaklari","status":"publish","type":"page","link":"https:\/\/www.karelkalip.com.tr\/tr_tr\/insan-kaynaklari","title":{"rendered":"\u0130NSAN KAYNAKLARI"},"content":{"rendered":"\t\t<div data-elementor-type=\"wp-post\" data-elementor-id=\"21\" class=\"elementor elementor-21 elementor-bc-flex-widget\">\n\t\t\t\t\t\t<section class=\"elementor-section elementor-top-section elementor-element elementor-element-07727f0 elementor-section-boxed elementor-section-height-default elementor-section-height-default\" data-id=\"07727f0\" data-element_type=\"section\">\n\t\t\t\t\t\t<div class=\"elementor-container elementor-column-gap-default\">\n\t\t\t\t\t<div class=\"elementor-column elementor-col-100 elementor-top-column elementor-element elementor-element-ed49eb4\" data-id=\"ed49eb4\" data-element_type=\"column\">\n\t\t\t<div class=\"elementor-widget-wrap elementor-element-populated\">\n\t\t\t\t\t\t<div class=\"elementor-element elementor-element-34362e1 elementor-widget elementor-widget-text-editor\" data-id=\"34362e1\" data-element_type=\"widget\" data-widget_type=\"text-editor.default\">\n\t\t\t\t<div class=\"elementor-widget-container\">\n\t\t\t\t\t\t\t<h1><span style=\"color: #000000; font-size: 18pt;\">\u00c7ALI\u015eAN DE\u011eERLER\u0130M\u0130Z<\/span><\/h1>\t\t\t\t\t\t<\/div>\n\t\t\t\t<\/div>\n\t\t\t\t<div class=\"elementor-element elementor-element-1323ab8 elementor-widget elementor-widget-text-editor\" data-id=\"1323ab8\" data-element_type=\"widget\" data-widget_type=\"text-editor.default\">\n\t\t\t\t<div class=\"elementor-widget-container\">\n\t\t\t\t\t\t\t<p>Kal\u0131p\u00e7\u0131l\u0131k sekt\u00f6r\u00fcnde \u201cm\u00fc\u015fteri memnuniyeti\u201d ilkesiyle s\u00fcrd\u00fcr\u00fclebilir ba\u015far\u0131y\u0131 yakalamaya gayret eden Karel Kal\u0131p, \u015firket ba\u015far\u0131s\u0131nda en b\u00fcy\u00fck pay\u0131n \u00e7al\u0131\u015fanlara ait oldu\u011funa inanmakta ve her \u00e7al\u0131\u015fan\u0131 ayr\u0131 bir de\u011fer olarak g\u00f6rerek g\u00fcvenilir ve sorumlu bir i\u015fveren olma \u00e7abas\u0131n\u0131 s\u00fcrd\u00fcrmektedir.<\/p>\t\t\t\t\t\t<\/div>\n\t\t\t\t<\/div>\n\t\t\t\t<section class=\"elementor-section elementor-inner-section elementor-element elementor-element-00c56ee elementor-section-boxed elementor-section-height-default elementor-section-height-default\" data-id=\"00c56ee\" data-element_type=\"section\">\n\t\t\t\t\t\t<div class=\"elementor-container elementor-column-gap-default\">\n\t\t\t\t\t<div class=\"elementor-column elementor-col-50 elementor-inner-column elementor-element elementor-element-09ec9c1\" data-id=\"09ec9c1\" data-element_type=\"column\">\n\t\t\t<div class=\"elementor-widget-wrap elementor-element-populated\">\n\t\t\t\t\t\t<div class=\"elementor-element elementor-element-30643ea elementor-widget elementor-widget-text-editor\" data-id=\"30643ea\" data-element_type=\"widget\" data-widget_type=\"text-editor.default\">\n\t\t\t\t<div class=\"elementor-widget-container\">\n\t\t\t\t\t\t\t<p>Bu yolda kendisini ve \u00e7evresini s\u00fcrekli geli\u015ftiren, inovatif, de\u011fi\u015fime h\u0131zla uyum sa\u011flayan yetenekleri b\u00fcnyesine katarak, bu ki\u015filerin do\u011fru pozisyonlarda \u00e7al\u0131\u015fmas\u0131n\u0131, mesleki bilgilerini artt\u0131rarak geli\u015fmelerini ve tecr\u00fcbe kazanmalar\u0131n\u0131 sa\u011flar.<\/p><p>Karel Kal\u0131p, \u00e7al\u0131\u015fanlar\u0131yla birlikte, m\u00fc\u015fterilerinin istedi\u011fi kalite ve standartlarda \u00fcr\u00fcn ve hizmetler sunarak b\u00fcy\u00fcmeyi ama\u00e7lar.\u00a0<\/p><p>\u00a0<\/p>\t\t\t\t\t\t<\/div>\n\t\t\t\t<\/div>\n\t\t\t\t\t<\/div>\n\t\t<\/div>\n\t\t\t\t<div class=\"elementor-column elementor-col-50 elementor-inner-column elementor-element elementor-element-7756f8f\" data-id=\"7756f8f\" data-element_type=\"column\">\n\t\t\t<div class=\"elementor-widget-wrap elementor-element-populated\">\n\t\t\t\t\t\t<div class=\"elementor-element elementor-element-e875272 elementor-widget elementor-widget-image\" data-id=\"e875272\" data-element_type=\"widget\" data-widget_type=\"image.default\">\n\t\t\t\t<div class=\"elementor-widget-container\">\n\t\t\t\t\t\t\t\t\t\t\t\t\t<img fetchpriority=\"high\" decoding=\"async\" width=\"489\" height=\"330\" src=\"https:\/\/www.karelkalip.com.tr\/wp-content\/uploads\/2019\/01\/ik1.png\" class=\"attachment-large size-large wp-image-379\" alt=\"\" srcset=\"https:\/\/www.karelkalip.com.tr\/wp-content\/uploads\/2019\/01\/ik1.png 489w, https:\/\/www.karelkalip.com.tr\/wp-content\/uploads\/2019\/01\/ik1-445x300.png 445w\" sizes=\"(max-width: 489px) 100vw, 489px\" \/>\t\t\t\t\t\t\t\t\t\t\t\t\t<\/div>\n\t\t\t\t<\/div>\n\t\t\t\t\t<\/div>\n\t\t<\/div>\n\t\t\t\t\t<\/div>\n\t\t<\/section>\n\t\t\t\t<div class=\"elementor-element elementor-element-b187b77 elementor-widget elementor-widget-text-editor\" data-id=\"b187b77\" data-element_type=\"widget\" data-widget_type=\"text-editor.default\">\n\t\t\t\t<div class=\"elementor-widget-container\">\n\t\t\t\t\t\t\t<h1><span style=\"font-size: 18pt;\">\u00dcN\u0130VERS\u0130TE \u0130\u015eB\u0130RL\u0130\u011e\u0130<\/span><\/h1><div><p>Karel Kal\u0131p, lise, meslek y\u00fcksek okulu ve \u00fcniversite \u00f6\u011frencilerine y\u00f6nelik staj, y\u00fcksek lisans yaparken \u00e7al\u0131\u015fabilme, \u00f6dev ve bitirme projelerine destek olma, stajdan sonra i\u015fine devam etme uygulamalar\u0131 ile \u00f6\u011frencilerin geli\u015fimine destek verip, gen\u00e7 yetenekleri i\u015f hayat\u0131na haz\u0131rlamaktad\u0131r.\u00a0\u00dcniversite sanayi i\u015f birli\u011fiyle \u00f6\u011frencilerin i\u015f hayat\u0131n\u0131 tan\u0131malar\u0131 ve i\u015f deneyimi kazanmalar\u0131na katk\u0131da bulunmak amac\u0131yla gerek \u00fcniversitelerle yapt\u0131\u011f\u0131 protokoller \u00e7er\u00e7evesinde gerekse birebir \u00f6\u011frenci ba\u015fvurular\u0131n\u0131 de\u011ferlendirerek hem okullara, hem \u00f6\u011frencilere, hem de sanayiye kar\u015f\u0131l\u0131kl\u0131 katma de\u011fer sa\u011flayacak \u00fcniversite sanayi i\u015f birli\u011fi \u00e7al\u0131\u015fmalar\u0131n\u0131 y\u00fcr\u00fctmektedir.<\/p><\/div>\t\t\t\t\t\t<\/div>\n\t\t\t\t<\/div>\n\t\t\t\t<section class=\"elementor-section elementor-inner-section elementor-element elementor-element-26ba98b elementor-section-boxed elementor-section-height-default elementor-section-height-default\" data-id=\"26ba98b\" data-element_type=\"section\">\n\t\t\t\t\t\t<div class=\"elementor-container elementor-column-gap-default\">\n\t\t\t\t\t<div class=\"elementor-column elementor-col-50 elementor-inner-column elementor-element elementor-element-f840225\" data-id=\"f840225\" data-element_type=\"column\">\n\t\t\t<div class=\"elementor-widget-wrap elementor-element-populated\">\n\t\t\t\t\t\t<div class=\"elementor-element elementor-element-6e8adeb elementor-widget elementor-widget-image\" data-id=\"6e8adeb\" data-element_type=\"widget\" data-widget_type=\"image.default\">\n\t\t\t\t<div class=\"elementor-widget-container\">\n\t\t\t\t\t\t\t\t\t\t\t\t\t<img decoding=\"async\" width=\"576\" height=\"254\" src=\"https:\/\/www.karelkalip.com.tr\/wp-content\/uploads\/2019\/01\/ik2.jpg\" class=\"attachment-large size-large wp-image-382\" alt=\"\" srcset=\"https:\/\/www.karelkalip.com.tr\/wp-content\/uploads\/2019\/01\/ik2.jpg 576w, https:\/\/www.karelkalip.com.tr\/wp-content\/uploads\/2019\/01\/ik2-500x220.jpg 500w\" sizes=\"(max-width: 576px) 100vw, 576px\" \/>\t\t\t\t\t\t\t\t\t\t\t\t\t<\/div>\n\t\t\t\t<\/div>\n\t\t\t\t\t<\/div>\n\t\t<\/div>\n\t\t\t\t<div class=\"elementor-column elementor-col-50 elementor-inner-column elementor-element elementor-element-ce296e2\" data-id=\"ce296e2\" data-element_type=\"column\">\n\t\t\t<div class=\"elementor-widget-wrap elementor-element-populated\">\n\t\t\t\t\t\t<div class=\"elementor-element elementor-element-360023a elementor-widget elementor-widget-text-editor\" data-id=\"360023a\" data-element_type=\"widget\" data-widget_type=\"text-editor.default\">\n\t\t\t\t<div class=\"elementor-widget-container\">\n\t\t\t\t\t\t\t<p>Karel Kal\u0131p, bu i\u015f birli\u011fi \u00e7al\u0131\u015fmalar\u0131na \u015firket b\u00fcnyesinde tan\u0131d\u0131\u011f\u0131 olanaklar\u0131n yan\u0131 s\u0131ra okullarda ger\u00e7ekle\u015ftirdi\u011fi panel ve seminerler, teknik geziler, derslere kat\u0131l\u0131m gibi etkinliklerle de katk\u0131da bulunarak, gen\u00e7lerimizin yan\u0131nda yer almaktad\u0131r.<\/p><p><a href=\"mailto:ik@karelkalip.com.tr\">ik@karelkalip.com.tr<\/a>\u00a0mail adresine e mail g\u00f6nderilerek daha fazla bilgi edinilebilir.<\/p>\t\t\t\t\t\t<\/div>\n\t\t\t\t<\/div>\n\t\t\t\t\t<\/div>\n\t\t<\/div>\n\t\t\t\t\t<\/div>\n\t\t<\/section>\n\t\t\t\t\t<\/div>\n\t\t<\/div>\n\t\t\t\t\t<\/div>\n\t\t<\/section>\n\t\t\t\t<section class=\"elementor-section elementor-top-section elementor-element elementor-element-0bb062d elementor-section-boxed elementor-section-height-default elementor-section-height-default\" data-id=\"0bb062d\" data-element_type=\"section\">\n\t\t\t\t\t\t<div class=\"elementor-container elementor-column-gap-default\">\n\t\t\t\t\t<div class=\"elementor-column elementor-col-100 elementor-top-column elementor-element elementor-element-1570fa2\" data-id=\"1570fa2\" data-element_type=\"column\">\n\t\t\t<div class=\"elementor-widget-wrap\">\n\t\t\t\t\t\t\t<\/div>\n\t\t<\/div>\n\t\t\t\t\t<\/div>\n\t\t<\/section>\n\t\t\t\t<section class=\"elementor-section elementor-top-section elementor-element elementor-element-5eb61e8 elementor-section-boxed elementor-section-height-default elementor-section-height-default\" data-id=\"5eb61e8\" data-element_type=\"section\">\n\t\t\t\t\t\t<div class=\"elementor-container elementor-column-gap-default\">\n\t\t\t\t\t<div class=\"elementor-column elementor-col-100 elementor-top-column elementor-element elementor-element-b587eff\" data-id=\"b587eff\" data-element_type=\"column\">\n\t\t\t<div class=\"elementor-widget-wrap elementor-element-populated\">\n\t\t\t\t\t\t<div class=\"elementor-element elementor-element-49d18ce elementor-widget elementor-widget-spacer\" data-id=\"49d18ce\" data-element_type=\"widget\" data-widget_type=\"spacer.default\">\n\t\t\t\t<div class=\"elementor-widget-container\">\n\t\t\t\t\t<div class=\"elementor-spacer\">\n\t\t\t<div class=\"elementor-spacer-inner\"><\/div>\n\t\t<\/div>\n\t\t\t\t<\/div>\n\t\t\t\t<\/div>\n\t\t\t\t\t<\/div>\n\t\t<\/div>\n\t\t\t\t\t<\/div>\n\t\t<\/section>\n\t\t\t\t<section class=\"elementor-section elementor-top-section elementor-element elementor-element-6e52646 elementor-section-boxed elementor-section-height-default elementor-section-height-default\" data-id=\"6e52646\" data-element_type=\"section\">\n\t\t\t\t\t\t<div class=\"elementor-container elementor-column-gap-default\">\n\t\t\t\t\t<div class=\"elementor-column elementor-col-50 elementor-top-column elementor-element elementor-element-6d2a684\" data-id=\"6d2a684\" data-element_type=\"column\">\n\t\t\t<div class=\"elementor-widget-wrap elementor-element-populated\">\n\t\t\t\t\t\t<div class=\"elementor-element elementor-element-7e0be98 elementor-widget elementor-widget-text-editor\" data-id=\"7e0be98\" data-element_type=\"widget\" data-widget_type=\"text-editor.default\">\n\t\t\t\t<div class=\"elementor-widget-container\">\n\t\t\t\t\t\t\t<h1><span style=\"font-size: 18pt;\">FARKINDALIK YARATMAYI SEV\u0130YORUZ..<br \/><\/span><\/h1><div data-id=\"f6a7f7b\" data-element_type=\"text-editor.default\"><div><div><p><br \/>\u00c7al\u0131\u015fma arkada\u015flar\u0131m\u0131z\u0131n sosyal sorumluluk bilincini kal\u0131c\u0131 hale getirmek i\u00e7in her sene belirli etkinliklerde bir araya geliyoruz ve \u00e7e\u015fitli projelere destek oluyoruz.<\/p><p>\u201cBir \u00e7ocuk bir umut\u201d projesiyle ba\u015flayan destek projelerimiz, B\u00fct\u00fcn \u00c7ocuklar Bizim Derne\u011fi\u2019ne deste\u011fimizle devam etti. 2023 y\u0131l\u0131nda hem \u0130stanbul Yar\u0131 Maratonu hem de \u0130stanbul Maratonu\u2019nda iki derne\u011fi desteklemeyi ba\u015fard\u0131k. Ad\u0131m Ad\u0131m \u00f6nc\u00fcl\u00fc\u011f\u00fcnde \u0130stanbul Yar\u0131 Maratonu\u2019nda Kanserli \u00c7ocuklara Umut Vakf\u0131 (KA\u00c7UV) ad\u0131na yar\u0131\u015ft\u0131k, \u0130stanbul Maratonu\u2019nda ise Korunmaya Muhta\u00e7 \u00c7ocuklar Vakf\u0131 (KORUNCUK) ad\u0131na yar\u0131\u015ft\u0131k. Sosyal sorumluluk bilincini s\u00fcrd\u00fcrebilir hale getirmek i\u00e7in \u00e7al\u0131\u015fma arkada\u015flar\u0131m\u0131zla elimizden gelenin en iyisini yapmaya devam edece\u011fiz.<\/p><\/div><\/div><\/div><div>\u00a0<\/div>\t\t\t\t\t\t<\/div>\n\t\t\t\t<\/div>\n\t\t\t\t\t<\/div>\n\t\t<\/div>\n\t\t\t\t<div class=\"elementor-column elementor-col-50 elementor-top-column elementor-element elementor-element-fb4967b\" data-id=\"fb4967b\" data-element_type=\"column\">\n\t\t\t<div class=\"elementor-widget-wrap elementor-element-populated\">\n\t\t\t\t\t\t<div class=\"elementor-element elementor-element-9634d69 elementor-widget elementor-widget-image\" data-id=\"9634d69\" data-element_type=\"widget\" data-widget_type=\"image.default\">\n\t\t\t\t<div class=\"elementor-widget-container\">\n\t\t\t\t\t\t\t\t\t\t\t\t\t<img decoding=\"async\" width=\"654\" height=\"377\" src=\"https:\/\/www.karelkalip.com.tr\/wp-content\/uploads\/2019\/02\/ss3.png\" class=\"attachment-large size-large wp-image-961\" alt=\"\" srcset=\"https:\/\/www.karelkalip.com.tr\/wp-content\/uploads\/2019\/02\/ss3.png 654w, https:\/\/www.karelkalip.com.tr\/wp-content\/uploads\/2019\/02\/ss3-500x288.png 500w, https:\/\/www.karelkalip.com.tr\/wp-content\/uploads\/2019\/02\/ss3-624x360.png 624w\" sizes=\"(max-width: 654px) 100vw, 654px\" \/>\t\t\t\t\t\t\t\t\t\t\t\t\t<\/div>\n\t\t\t\t<\/div>\n\t\t\t\t\t<\/div>\n\t\t<\/div>\n\t\t\t\t\t<\/div>\n\t\t<\/section>\n\t\t\t\t<section class=\"elementor-section elementor-top-section elementor-element elementor-element-c364c0a elementor-section-boxed elementor-section-height-default elementor-section-height-default\" data-id=\"c364c0a\" data-element_type=\"section\">\n\t\t\t\t\t\t<div class=\"elementor-container elementor-column-gap-default\">\n\t\t\t\t\t<div class=\"elementor-column elementor-col-100 elementor-top-column elementor-element elementor-element-c8bd8d8\" data-id=\"c8bd8d8\" data-element_type=\"column\">\n\t\t\t<div class=\"elementor-widget-wrap\">\n\t\t\t\t\t\t\t<\/div>\n\t\t<\/div>\n\t\t\t\t\t<\/div>\n\t\t<\/section>\n\t\t\t\t<section class=\"elementor-section elementor-top-section elementor-element elementor-element-3be5a15 elementor-section-boxed elementor-section-height-default elementor-section-height-default\" data-id=\"3be5a15\" data-element_type=\"section\">\n\t\t\t\t\t\t<div class=\"elementor-container elementor-column-gap-default\">\n\t\t\t\t\t<div class=\"elementor-column elementor-col-100 elementor-top-column elementor-element elementor-element-c66ff7d\" data-id=\"c66ff7d\" data-element_type=\"column\">\n\t\t\t<div class=\"elementor-widget-wrap elementor-element-populated\">\n\t\t\t\t\t\t<div class=\"elementor-element elementor-element-3b020f9 elementor-widget elementor-widget-text-editor\" data-id=\"3b020f9\" data-element_type=\"widget\" data-widget_type=\"text-editor.default\">\n\t\t\t\t<div class=\"elementor-widget-container\">\n\t\t\t\t\t\t\t<h1><span style=\"font-size: 18pt;\">ARAMIZA KATILIN- \u0130\u015e BA\u015eVURUSU<\/span><\/h1><div><p>Karel Kal\u0131p ekibine kat\u0131lmak istiyorsan\u0131z, l\u00fctfen <a href=\"mailto:ik@karelkalip.com.tr\">ik@karelkalip.com.tr<\/a> mail adresine CV\u2019nizi payla\u015f\u0131n\u0131z. T\u00fcm CV\u2019ler, gizlilik prensipleri \u00e7er\u00e7evesinde tek tek incelenecek ve ar\u015fivlerimize eklenecektir.<br \/>G\u00fcncel i\u015f pozisyonlar\u0131m\u0131z\u0131\u00a0<a href=\"https:\/\/www.kariyer.net\/firma-profil\/karel-kalip-sanayi-a-s-157830-120237\">https:\/\/www.kariyer.net\/firma-profil\/karel-kalip-sanayi-a-s-157830-120237<\/a>\u00a0sitesinden takip edilebilir. Ayr\u0131ca bizlere Linkedin \u00fczerinden de ula\u015fabilirsiniz.<\/p><\/div>\t\t\t\t\t\t<\/div>\n\t\t\t\t<\/div>\n\t\t\t\t\t<\/div>\n\t\t<\/div>\n\t\t\t\t\t<\/div>\n\t\t<\/section>\n\t\t\t\t<\/div>\n\t\t","protected":false},"excerpt":{"rendered":"<p>\u00c7ALI\u015eAN DE\u011eERLER\u0130M\u0130Z Kal\u0131p\u00e7\u0131l\u0131k sekt\u00f6r\u00fcnde \u201cm\u00fc\u015fteri memnuniyeti\u201d ilkesiyle s\u00fcrd\u00fcr\u00fclebilir ba\u015far\u0131y\u0131 yakalamaya gayret eden Karel Kal\u0131p, \u015firket ba\u015far\u0131s\u0131nda en b\u00fcy\u00fck pay\u0131n \u00e7al\u0131\u015fanlara ait oldu\u011funa inanmakta ve her \u00e7al\u0131\u015fan\u0131 ayr\u0131 bir de\u011fer olarak g\u00f6rerek g\u00fcvenilir ve sorumlu bir i\u015fveren olma \u00e7abas\u0131n\u0131 s\u00fcrd\u00fcrmektedir. Bu yolda kendisini ve \u00e7evresini s\u00fcrekli geli\u015ftiren, inovatif, de\u011fi\u015fime h\u0131zla uyum sa\u011flayan yetenekleri b\u00fcnyesine katarak, bu [&hellip;]<\/p>\n","protected":false},"author":2,"featured_media":0,"parent":0,"menu_order":0,"comment_status":"closed","ping_status":"closed","template":"","meta":{"_mi_skip_tracking":false,"footnotes":""},"_links":{"self":[{"href":"https:\/\/www.karelkalip.com.tr\/tr_tr\/wp-json\/wp\/v2\/pages\/21"}],"collection":[{"href":"https:\/\/www.karelkalip.com.tr\/tr_tr\/wp-json\/wp\/v2\/pages"}],"about":[{"href":"https:\/\/www.karelkalip.com.tr\/tr_tr\/wp-json\/wp\/v2\/types\/page"}],"author":[{"embeddable":true,"href":"https:\/\/www.karelkalip.com.tr\/tr_tr\/wp-json\/wp\/v2\/users\/2"}],"replies":[{"embeddable":true,"href":"https:\/\/www.karelkalip.com.tr\/tr_tr\/wp-json\/wp\/v2\/comments?post=21"}],"version-history":[{"count":16,"href":"https:\/\/www.karelkalip.com.tr\/tr_tr\/wp-json\/wp\/v2\/pages\/21\/revisions"}],"predecessor-version":[{"id":1649,"href":"https:\/\/www.karelkalip.com.tr\/tr_tr\/wp-json\/wp\/v2\/pages\/21\/revisions\/1649"}],"wp:attachment":[{"href":"https:\/\/www.karelkalip.com.tr\/tr_tr\/wp-json\/wp\/v2\/media?parent=21"}],"curies":[{"name":"wp","href":"https:\/\/api.w.org\/{rel}","templated":true}]}}