{"id":479,"date":"2019-01-29T09:32:05","date_gmt":"2019-01-29T06:32:05","guid":{"rendered":"http:\/\/www.karelkalip.com.tr\/?page_id=479"},"modified":"2024-01-18T08:37:45","modified_gmt":"2024-01-18T05:37:45","slug":"hakkimizda","status":"publish","type":"page","link":"https:\/\/www.karelkalip.com.tr\/tr_tr\/hakkimizda","title":{"rendered":"Hakk\u0131m\u0131zda"},"content":{"rendered":"\t\t<div data-elementor-type=\"wp-post\" data-elementor-id=\"479\" class=\"elementor elementor-479 elementor-bc-flex-widget\">\n\t\t\t\t\t\t<section class=\"elementor-section elementor-top-section elementor-element elementor-element-6909578d elementor-section-stretched elementor-section-boxed elementor-section-height-default elementor-section-height-default\" data-id=\"6909578d\" data-element_type=\"section\" data-settings=\"{&quot;stretch_section&quot;:&quot;section-stretched&quot;}\">\n\t\t\t\t\t\t<div class=\"elementor-container elementor-column-gap-default\">\n\t\t\t\t\t<div class=\"elementor-column elementor-col-100 elementor-top-column elementor-element elementor-element-3fb6a0a1\" data-id=\"3fb6a0a1\" data-element_type=\"column\">\n\t\t\t<div class=\"elementor-widget-wrap elementor-element-populated\">\n\t\t\t\t\t\t<div class=\"elementor-element elementor-element-c3da888 elementor-widget elementor-widget-heading\" data-id=\"c3da888\" data-element_type=\"widget\" data-widget_type=\"heading.default\">\n\t\t\t\t<div class=\"elementor-widget-container\">\n\t\t\t<h2 class=\"elementor-heading-title elementor-size-default\">HAKKIMIZDA<\/h2>\t\t<\/div>\n\t\t\t\t<\/div>\n\t\t\t\t<div class=\"elementor-element elementor-element-643a73f elementor-widget elementor-widget-image\" data-id=\"643a73f\" data-element_type=\"widget\" data-widget_type=\"image.default\">\n\t\t\t\t<div class=\"elementor-widget-container\">\n\t\t\t\t\t\t\t\t\t\t\t\t\t<img fetchpriority=\"high\" decoding=\"async\" width=\"2048\" height=\"1536\" src=\"https:\/\/www.karelkalip.com.tr\/wp-content\/uploads\/2024\/01\/toplu-resim-1.jpg\" class=\"attachment-2048x2048 size-2048x2048 wp-image-1622\" alt=\"\" srcset=\"https:\/\/www.karelkalip.com.tr\/wp-content\/uploads\/2024\/01\/toplu-resim-1.jpg 2048w, https:\/\/www.karelkalip.com.tr\/wp-content\/uploads\/2024\/01\/toplu-resim-1-400x300.jpg 400w, https:\/\/www.karelkalip.com.tr\/wp-content\/uploads\/2024\/01\/toplu-resim-1-1024x768.jpg 1024w, https:\/\/www.karelkalip.com.tr\/wp-content\/uploads\/2024\/01\/toplu-resim-1-768x576.jpg 768w, https:\/\/www.karelkalip.com.tr\/wp-content\/uploads\/2024\/01\/toplu-resim-1-1536x1152.jpg 1536w, https:\/\/www.karelkalip.com.tr\/wp-content\/uploads\/2024\/01\/toplu-resim-1-624x468.jpg 624w\" sizes=\"(max-width: 2048px) 100vw, 2048px\" \/>\t\t\t\t\t\t\t\t\t\t\t\t\t<\/div>\n\t\t\t\t<\/div>\n\t\t\t\t<div class=\"elementor-element elementor-element-7335a73e elementor-widget elementor-widget-text-editor\" data-id=\"7335a73e\" data-element_type=\"widget\" data-widget_type=\"text-editor.default\">\n\t\t\t\t<div class=\"elementor-widget-container\">\n\t\t\t\t\t\t\t<p>1994 y\u0131l\u0131nda otomotiv sekt\u00f6r\u00fcne plastik enjeksiyon kal\u0131plar\u0131 \u00fcretmek \u00fczere kurulan firmam\u0131z, tampon ve \u00f6n panel gibi b\u00fcy\u00fck ve karma\u015f\u0131k par\u00e7alar\u0131n plastik enjeksiyon kal\u0131plar\u0131n\u0131n \u00fcretiminde k\u00fcresel bir oyuncudur. T\u00fcrkiye\u2019nin yan\u0131 s\u0131ra Almanya, Fransa, \u0130talya, Romanya ve Slovakya pazarlar\u0131na hizmet veren firmam\u0131z, yapt\u0131\u011f\u0131 i\u015flerin \u00f6l\u00e7e\u011fi ve zorlu\u011fu bak\u0131m\u0131ndan sekt\u00f6r\u00fcn\u00fcn \u00fclkemizdeki en \u00f6nde gelen markas\u0131d\u0131r.<\/p><p>Yetkin \u00e7al\u0131\u015fanlar\u0131 ve ileri seviye teknolojileriyle Avrupa\u2019n\u0131n en b\u00fcy\u00fck \u00fc\u00e7 \u00fcreticisinden biri olma hedefine do\u011fru g\u00fc\u00e7l\u00fc ad\u0131mlarla ilerleyen Karel Kal\u0131p, al\u0131\u015fkanl\u0131klar\u0131n\u0131 ve k\u00fclt\u00fcr\u00fcn\u00fc d\u00f6n\u00fc\u015ft\u00fcrmeye kesintisiz devam etmekte, kapsay\u0131c\u0131 ve \u00e7al\u0131\u015fan \u00f6ncelikli yakla\u015f\u0131m\u0131n\u0131 giderek g\u00fc\u00e7lendirmektedir.<\/p><p>Karel Kal\u0131p, yeni teknolojileri uygulamak ve m\u00fc\u015fteri memnuniyetini en \u00fcst seviyeye \u00e7\u0131karmak i\u00e7in 2015 y\u0131l\u0131nda Sanayi ve Teknoloji bakanl\u0131\u011f\u0131 taraf\u0131ndan onaylanm\u0131\u015f Ar-Ge Merkezi kurmu\u015ftur.<\/p><p>2017 y\u0131l\u0131nda ise \u00fcretti\u011fi plastik enjeksiyon kal\u0131plar\u0131n\u0131 m\u00fc\u015fterilerine teslim etmeden \u00f6nce kusursuz bir hale getirmek i\u00e7in Deneme Merkezi yat\u0131r\u0131m\u0131 yapm\u0131\u015ft\u0131r.<\/p><p>Genel olarak \u00fcretti\u011fimiz \u00fcr\u00fcnler ve sundu\u011fumuz hizmetler:<\/p><ul><li>Tampon kal\u0131b\u0131,<\/li><li>IP kal\u0131b\u0131 (instrument panel),<\/li><li>Camurluk kal\u0131b\u0131,<\/li><li>Kap\u0131 paneli kal\u0131b\u0131,<\/li><li>Cam \u00f6nu \u0131zgara,<\/li><li>\u00d6n Izgara Kal\u0131b\u0131,<\/li><li>\u0130\u00e7 trim kal\u0131plar,<\/li><li>Sunvisor kal\u0131b\u0131,<\/li><li>Garnish kal\u0131b\u0131,<\/li><li>Prototip kal\u0131p,<\/li><li>SMC kal\u0131plar\u0131,<\/li><li>Modifikasyon hizmeti,<\/li><li>M\u00fchendislik (\u00dcrge, Co design, ak\u0131\u015f analizler) hizmeti,<\/li><li>Bak\u0131m hizmeti.<\/li><\/ul>\t\t\t\t\t\t<\/div>\n\t\t\t\t<\/div>\n\t\t\t\t\t<\/div>\n\t\t<\/div>\n\t\t\t\t\t<\/div>\n\t\t<\/section>\n\t\t\t\t<\/div>\n\t\t","protected":false},"excerpt":{"rendered":"<p>HAKKIMIZDA 1994 y\u0131l\u0131nda otomotiv sekt\u00f6r\u00fcne plastik enjeksiyon kal\u0131plar\u0131 \u00fcretmek \u00fczere kurulan firmam\u0131z, tampon ve \u00f6n panel gibi b\u00fcy\u00fck ve karma\u015f\u0131k par\u00e7alar\u0131n plastik enjeksiyon kal\u0131plar\u0131n\u0131n \u00fcretiminde k\u00fcresel bir oyuncudur. T\u00fcrkiye\u2019nin yan\u0131 s\u0131ra Almanya, Fransa, \u0130talya, Romanya ve Slovakya pazarlar\u0131na hizmet veren firmam\u0131z, yapt\u0131\u011f\u0131 i\u015flerin \u00f6l\u00e7e\u011fi ve zorlu\u011fu bak\u0131m\u0131ndan sekt\u00f6r\u00fcn\u00fcn \u00fclkemizdeki en \u00f6nde gelen markas\u0131d\u0131r. Yetkin \u00e7al\u0131\u015fanlar\u0131 [&hellip;]<\/p>\n","protected":false},"author":2,"featured_media":0,"parent":0,"menu_order":0,"comment_status":"closed","ping_status":"closed","template":"","meta":{"_mi_skip_tracking":false,"footnotes":""},"_links":{"self":[{"href":"https:\/\/www.karelkalip.com.tr\/tr_tr\/wp-json\/wp\/v2\/pages\/479"}],"collection":[{"href":"https:\/\/www.karelkalip.com.tr\/tr_tr\/wp-json\/wp\/v2\/pages"}],"about":[{"href":"https:\/\/www.karelkalip.com.tr\/tr_tr\/wp-json\/wp\/v2\/types\/page"}],"author":[{"embeddable":true,"href":"https:\/\/www.karelkalip.com.tr\/tr_tr\/wp-json\/wp\/v2\/users\/2"}],"replies":[{"embeddable":true,"href":"https:\/\/www.karelkalip.com.tr\/tr_tr\/wp-json\/wp\/v2\/comments?post=479"}],"version-history":[{"count":11,"href":"https:\/\/www.karelkalip.com.tr\/tr_tr\/wp-json\/wp\/v2\/pages\/479\/revisions"}],"predecessor-version":[{"id":1643,"href":"https:\/\/www.karelkalip.com.tr\/tr_tr\/wp-json\/wp\/v2\/pages\/479\/revisions\/1643"}],"wp:attachment":[{"href":"https:\/\/www.karelkalip.com.tr\/tr_tr\/wp-json\/wp\/v2\/media?parent=479"}],"curies":[{"name":"wp","href":"https:\/\/api.w.org\/{rel}","templated":true}]}}